{"id":1842,"date":"2019-07-18T09:34:10","date_gmt":"2019-07-18T09:34:10","guid":{"rendered":"https:\/\/www.fundacionlopezibor.es\/?page_id=1842"},"modified":"2019-12-17T09:13:50","modified_gmt":"2019-12-17T09:13:50","slug":"contact","status":"publish","type":"page","link":"https:\/\/www.fundacionlopezibor.es\/en\/contact\/","title":{"rendered":"Contact"},"content":{"rendered":"<p>[vc_row bg_type=&#8221;bg_color&#8221; bg_override=&#8221;full&#8221; css=&#8221;.vc_custom_1554132608939{padding-top: 40px !important;padding-bottom: 40px !important;}&#8221; bg_color_value=&#8221;#f2f2f2&#8243;][vc_column][vc_custom_heading text=&#8221;Contact with the foundation&#8221; google_fonts=&#8221;font_family:Exo%3A100%2C100italic%2C200%2C200italic%2C300%2C300italic%2Cregular%2Citalic%2C500%2C500italic%2C600%2C600italic%2C700%2C700italic%2C800%2C800italic%2C900%2C900italic|font_style:300%20light%20regular%3A300%3Anormal&#8221;][\/vc_column][\/vc_row][vc_row disable_element=&#8221;yes&#8221;][vc_column][vc_gmaps link=&#8221;#E-8_JTNDaWZyYW1lJTIwc3JjJTNEJTIyaHR0cHMlM0ElMkYlMkZ3d3cuZ29vZ2xlLmNvbSUyRm1hcHMlMkZlbWJlZCUzRnBiJTNEJTIxMW0xOCUyMTFtMTIlMjExbTMlMjExZDMwMzUuMjk0ODczNTk5MDc2NyUyMTJkLTMuNzI2ODU2NDg0NjAyNDgwNSUyMTNkNDAuNDY4NzQxMDc5MzU5MDglMjEybTMlMjExZjAlMjEyZjAlMjEzZjAlMjEzbTIlMjExaTEwMjQlMjEyaTc2OCUyMTRmMTMuMSUyMTNtMyUyMTFtMiUyMTFzMHhkNDIyOWMwYzYzMzAxNmIlMjUzQTB4NjhkMWM1NWY3NTM2MGE0NiUyMTJzQ2FsbGUlMkJkZWwlMkJEci4lMkJKdWFuJTJCSm9zJTI1QzMlMjVBOSUyQkwlMjVDMyUyNUIzcGV6JTJCSWJvciUyNTJDJTJCMiUyNTJDJTJCMjgwMzUlMkJNYWRyaWQlMjE1ZTAlMjEzbTIlMjExc2VzJTIxMnNlcyUyMTR2MTU0NjI0NzU2NTA5MiUyMiUyMHdpZHRoJTNEJTIyMTAwJTI1JTIyJTIwaGVpZ2h0JTNEJTIyNDUwJTIyJTIwZnJhbWVib3JkZXIlM0QlMjIwJTIyJTIwc3R5bGUlM0QlMjJib3JkZXIlM0EwJTIyJTIwYWxsb3dmdWxsc2NyZWVuJTNFJTNDJTJGaWZyYW1lJTNF&#8221;][\/vc_column][\/vc_row][vc_row css=&#8221;.vc_custom_1554132706929{margin-top: 50px !important;padding-bottom: 30px !important;}&#8221;][vc_column width=&#8221;1\/3&#8243;][vc_custom_heading text=&#8221;Contact information&#8221; font_container=&#8221;tag:h4|text_align:left&#8221; google_fonts=&#8221;font_family:Exo%3A100%2C100italic%2C200%2C200italic%2C300%2C300italic%2Cregular%2Citalic%2C500%2C500italic%2C600%2C600italic%2C700%2C700italic%2C800%2C800italic%2C900%2C900italic|font_style:300%20light%20regular%3A300%3Anormal&#8221; css=&#8221;.vc_custom_1563786013060{padding-top: 20px !important;}&#8221;]<div class=\"uavc-list-icon uavc-list-icon-wrapper ult-adjust-bottom-margin   \"><ul class=\"uavc-list\"><li><div class=\"uavc-list-content\" id=\"list-icon-wrap-3264\">\n<div class=\"uavc-list-icon  \" data-animation=\"\" data-animation-delay=\"03\" style=\"margin-right:15px;\"><div class=\"ult-just-icon-wrapper  \"><div class=\"align-icon\" style=\"text-align:center;\">\n<div class=\"aio-icon none \"  style=\"color:#333333;font-size:32px;display:inline-block;\">\n\t<i class=\"Defaults-map-marker\"><\/i>\n<\/div><\/div><\/div>\n<\/div><span  data-ultimate-target='#list-icon-wrap-3264 .uavc-list-desc'  data-responsive-json-new='{\"font-size\":\"\",\"line-height\":\"\"}'  class=\"uavc-list-desc ult-responsive\" style=\"\">C\/ Doctor Juan Jos\u00e9 L\u00f3pez Ibor 2<\/p>\n<p>28035 Madrid (Espa\u00f1a)<\/p>\n<p><\/span><\/div><\/li><li><div class=\"uavc-list-content\" id=\"list-icon-wrap-2875\">\n<div class=\"uavc-list-icon  \" data-animation=\"\" data-animation-delay=\"03\" style=\"margin-right:15px;\"><div class=\"ult-just-icon-wrapper  \"><div class=\"align-icon\" style=\"text-align:center;\">\n<div class=\"aio-icon none \"  style=\"color:#333333;font-size:32px;display:inline-block;\">\n\t<i class=\"Defaults-mobile mobile-phone\"><\/i>\n<\/div><\/div><\/div>\n<\/div><span  data-ultimate-target='#list-icon-wrap-2875 .uavc-list-desc'  data-responsive-json-new='{\"font-size\":\"\",\"line-height\":\"\"}'  class=\"uavc-list-desc ult-responsive\" style=\"\">+34 696 000 001<\/p>\n<p><\/span><\/div><\/li><li><div class=\"uavc-list-content\" id=\"list-icon-wrap-7912\">\n<div class=\"uavc-list-icon  \" data-animation=\"\" data-animation-delay=\"03\" style=\"margin-right:15px;\"><div class=\"ult-just-icon-wrapper  \"><div class=\"align-icon\" style=\"text-align:center;\">\n<div class=\"aio-icon none \"  style=\"color:#333333;font-size:32px;display:inline-block;\">\n\t<i class=\"Defaults-mobile mobile-phone\"><\/i>\n<\/div><\/div><\/div>\n<\/div><span  data-ultimate-target='#list-icon-wrap-7912 .uavc-list-desc'  data-responsive-json-new='{\"font-size\":\"\",\"line-height\":\"\"}'  class=\"uavc-list-desc ult-responsive\" style=\"\">+34 625 661 721 (old)<\/p>\n<p><\/span><\/div><\/li><\/ul><\/div>[vc_custom_heading text=&#8221;Transporte p\u00fablico&#8221; font_container=&#8221;tag:h4|text_align:left&#8221; google_fonts=&#8221;font_family:Exo%3A100%2C100italic%2C200%2C200italic%2C300%2C300italic%2Cregular%2Citalic%2C500%2C500italic%2C600%2C600italic%2C700%2C700italic%2C800%2C800italic%2C900%2C900italic|font_style:300%20light%20regular%3A300%3Anormal&#8221; css=&#8221;.vc_custom_1554132305200{padding-top: 30px !important;}&#8221;][vc_column_text]From Cuatro Caminos, bus 64<\/p>\n<p>From Moncloa, bus 82<\/p>\n<p>From La Vaguada, bus 137<\/p>\n<p>Metro line 7, stop Antonio Machado[\/vc_column_text][\/vc_column][vc_column width=&#8221;2\/3&#8243;][vc_custom_heading text=&#8221;Formulario de contacto&#8221; font_container=&#8221;tag:h4|text_align:left&#8221; google_fonts=&#8221;font_family:Exo%3A100%2C100italic%2C200%2C200italic%2C300%2C300italic%2Cregular%2Citalic%2C500%2C500italic%2C600%2C600italic%2C700%2C700italic%2C800%2C800italic%2C900%2C900italic|font_style:300%20light%20regular%3A300%3Anormal&#8221;]\n<div class=\"wpcf7 no-js\" id=\"wpcf7-f1927-o1\" lang=\"es-ES\" dir=\"ltr\" data-wpcf7-id=\"1927\">\n<div class=\"screen-reader-response\"><p role=\"status\" aria-live=\"polite\" aria-atomic=\"true\"><\/p> <ul><\/ul><\/div>\n<form action=\"\/en\/wp-json\/wp\/v2\/pages\/1842#wpcf7-f1927-o1\" method=\"post\" class=\"wpcf7-form init\" aria-label=\"Formulario de contacto\" novalidate=\"novalidate\" data-status=\"init\">\n<fieldset class=\"hidden-fields-container\"><input type=\"hidden\" name=\"_wpcf7\" value=\"1927\" \/><input type=\"hidden\" name=\"_wpcf7_version\" value=\"6.1.5\" \/><input type=\"hidden\" name=\"_wpcf7_locale\" value=\"es_ES\" \/><input type=\"hidden\" name=\"_wpcf7_unit_tag\" value=\"wpcf7-f1927-o1\" \/><input type=\"hidden\" name=\"_wpcf7_container_post\" value=\"0\" \/><input type=\"hidden\" name=\"_wpcf7_posted_data_hash\" value=\"\" \/>\n<\/fieldset>\n<p><label> Name (required)<br \/>\n<span class=\"wpcf7-form-control-wrap\" data-name=\"your-name\"><input size=\"40\" maxlength=\"400\" class=\"wpcf7-form-control wpcf7-text wpcf7-validates-as-required\" aria-required=\"true\" aria-invalid=\"false\" value=\"\" type=\"text\" name=\"your-name\" \/><\/span> <\/label>\n<\/p>\n<p><label> Email (required)<br \/>\n<span class=\"wpcf7-form-control-wrap\" data-name=\"your-email\"><input size=\"40\" maxlength=\"400\" class=\"wpcf7-form-control wpcf7-email wpcf7-validates-as-required wpcf7-text wpcf7-validates-as-email\" aria-required=\"true\" aria-invalid=\"false\" value=\"\" type=\"email\" name=\"your-email\" \/><\/span> <\/label>\n<\/p>\n<p><label> Subject (required)<br \/>\n<span class=\"wpcf7-form-control-wrap\" data-name=\"your-subject\"><input size=\"40\" maxlength=\"400\" class=\"wpcf7-form-control wpcf7-text wpcf7-validates-as-required\" aria-required=\"true\" aria-invalid=\"false\" value=\"\" type=\"text\" name=\"your-subject\" \/><\/span> <\/label>\n<\/p>\n<p><label> Message<br \/>\n<span class=\"wpcf7-form-control-wrap\" data-name=\"your-message\"><textarea cols=\"40\" rows=\"10\" maxlength=\"2000\" class=\"wpcf7-form-control wpcf7-textarea\" aria-invalid=\"false\" name=\"your-message\"><\/textarea><\/span> <\/label>\n<\/p>\n<p><span class=\"wpcf7-form-control-wrap\" data-name=\"terminos\"><span class=\"wpcf7-form-control wpcf7-acceptance\"><span class=\"wpcf7-list-item\"><label><input type=\"checkbox\" name=\"terminos\" value=\"1\" aria-invalid=\"false\" \/><span class=\"wpcf7-list-item-label\">I have read and accept the <a href=\"https:\/\/www.fundacionlopezibor.es\/en\/legal-warning\/\">Legal Notice<\/a> and the <a href=\"https:\/\/www.fundacionlopezibor.es\/en\/privacy-policy\/\">Privacy Policy<\/a>.<\/span><\/label><\/span><\/span><\/span>\n<\/p>\n<p><input class=\"wpcf7-form-control wpcf7-submit has-spinner\" type=\"submit\" value=\"Send\" \/>\n<\/p><div class=\"wpcf7-response-output\" aria-hidden=\"true\"><\/div>\n<\/form>\n<\/div>\n[\/vc_column][\/vc_row]<\/p>\n","protected":false},"excerpt":{"rendered":"<p>[vc_row bg_type=&#8221;bg_color&#8221; bg_override=&#8221;full&#8221; css=&#8221;.vc_custom_1554132608939{padding-top: 40px !important;padding-bottom: 40px !important;}&#8221; bg_color_value=&#8221;#f2f2f2&#8243;][vc_column][vc_custom_heading text=&#8221;Contact with the foundation&#8221; google_fonts=&#8221;font_family:Exo%3A100%2C100italic%2C200%2C200italic%2C300%2C300italic%2Cregular%2Citalic%2C500%2C500italic%2C600%2C600italic%2C700%2C700italic%2C800%2C800italic%2C900%2C900italic|font_style:300%20light%20regular%3A300%3Anormal&#8221;][\/vc_column][\/vc_row][vc_row disable_element=&#8221;yes&#8221;][vc_column][vc_gmaps link=&#8221;#E-8_JTNDaWZyYW1lJTIwc3JjJTNEJTIyaHR0cHMlM0ElMkYlMkZ3d3cuZ29vZ2xlLmNvbSUyRm1hcHMlMkZlbWJlZCUzRnBiJTNEJTIxMW0xOCUyMTFtMTIlMjExbTMlMjExZDMwMzUuMjk0ODczNTk5MDc2NyUyMTJkLTMuNzI2ODU2NDg0NjAyNDgwNSUyMTNkNDAuNDY4NzQxMDc5MzU5MDglMjEybTMlMjExZjAlMjEyZjAlMjEzZjAlMjEzbTIlMjExaTEwMjQlMjEyaTc2OCUyMTRmMTMuMSUyMTNtMyUyMTFtMiUyMTFzMHhkNDIyOWMwYzYzMzAxNmIlMjUzQTB4NjhkMWM1NWY3NTM2MGE0NiUyMTJzQ2FsbGUlMkJkZWwlMkJEci4lMkJKdWFuJTJCSm9zJTI1QzMlMjVBOSUyQkwlMjVDMyUyNUIzcGV6JTJCSWJvciUyNTJDJTJCMiUyNTJDJTJCMjgwMzUlMkJNYWRyaWQlMjE1ZTAlMjEzbTIlMjExc2VzJTIxMnNlcyUyMTR2MTU0NjI0NzU2NTA5MiUyMiUyMHdpZHRoJTNEJTIyMTAwJTI1JTIyJTIwaGVpZ2h0JTNEJTIyNDUwJTIyJTIwZnJhbWVib3JkZXIlM0QlMjIwJTIyJTIwc3R5bGUlM0QlMjJib3JkZXIlM0EwJTIyJTIwYWxsb3dmdWxsc2NyZWVuJTNFJTNDJTJGaWZyYW1lJTNF&#8221;][\/vc_column][\/vc_row][vc_row css=&#8221;.vc_custom_1554132706929{margin-top: 50px !important;padding-bottom: 30px !important;}&#8221;][vc_column width=&#8221;1\/3&#8243;][vc_custom_heading text=&#8221;Contact information&#8221; font_container=&#8221;tag:h4|text_align:left&#8221; google_fonts=&#8221;font_family:Exo%3A100%2C100italic%2C200%2C200italic%2C300%2C300italic%2Cregular%2Citalic%2C500%2C500italic%2C600%2C600italic%2C700%2C700italic%2C800%2C800italic%2C900%2C900italic|font_style:300%20light%20regular%3A300%3Anormal&#8221; css=&#8221;.vc_custom_1563786013060{padding-top: 20px !important;}&#8221;][vc_custom_heading text=&#8221;Transporte p\u00fablico&#8221; font_container=&#8221;tag:h4|text_align:left&#8221; google_fonts=&#8221;font_family:Exo%3A100%2C100italic%2C200%2C200italic%2C300%2C300italic%2Cregular%2Citalic%2C500%2C500italic%2C600%2C600italic%2C700%2C700italic%2C800%2C800italic%2C900%2C900italic|font_style:300%20light%20regular%3A300%3Anormal&#8221; css=&#8221;.vc_custom_1554132305200{padding-top: 30px !important;}&#8221;][vc_column_text]From Cuatro Caminos, bus 64 From Moncloa, bus 82 From La Vaguada, bus 137 Metro line 7, stop Antonio Machado[\/vc_column_text][\/vc_column][vc_column&hellip;<\/p>\n","protected":false},"author":1,"featured_media":0,"parent":0,"menu_order":0,"comment_status":"closed","ping_status":"closed","template":"","meta":{"footnotes":""},"class_list":["post-1842","page","type-page","status-publish","hentry","description-off"],"yoast_head":"<!-- This site is optimized with the Yoast SEO plugin v27.0 - https:\/\/yoast.com\/product\/yoast-seo-wordpress\/ -->\n<title>Contact - Fundacion Juan Jos\u00e9 L\u00f3pez-Ibor<\/title>\n<meta name=\"robots\" content=\"index, follow, max-snippet:-1, max-image-preview:large, max-video-preview:-1\" \/>\n<link rel=\"canonical\" href=\"https:\/\/www.fundacionlopezibor.es\/en\/contact\/\" \/>\n<meta property=\"og:locale\" content=\"en_US\" \/>\n<meta property=\"og:type\" content=\"article\" \/>\n<meta property=\"og:title\" content=\"Contact - Fundacion Juan Jos\u00e9 L\u00f3pez-Ibor\" \/>\n<meta property=\"og:description\" content=\"[vc_row bg_type=&#8221;bg_color&#8221; bg_override=&#8221;full&#8221; css=&#8221;.vc_custom_1554132608939{padding-top: 40px !important;padding-bottom: 40px !important;}&#8221; bg_color_value=&#8221;#f2f2f2&#8243;][vc_column][vc_custom_heading text=&#8221;Contact with the foundation&#8221; google_fonts=&#8221;font_family:Exo%3A100%2C100italic%2C200%2C200italic%2C300%2C300italic%2Cregular%2Citalic%2C500%2C500italic%2C600%2C600italic%2C700%2C700italic%2C800%2C800italic%2C900%2C900italic|font_style:300%20light%20regular%3A300%3Anormal&#8221;][\/vc_column][\/vc_row][vc_row disable_element=&#8221;yes&#8221;][vc_column][vc_gmaps link=&#8221;#E-8_JTNDaWZyYW1lJTIwc3JjJTNEJTIyaHR0cHMlM0ElMkYlMkZ3d3cuZ29vZ2xlLmNvbSUyRm1hcHMlMkZlbWJlZCUzRnBiJTNEJTIxMW0xOCUyMTFtMTIlMjExbTMlMjExZDMwMzUuMjk0ODczNTk5MDc2NyUyMTJkLTMuNzI2ODU2NDg0NjAyNDgwNSUyMTNkNDAuNDY4NzQxMDc5MzU5MDglMjEybTMlMjExZjAlMjEyZjAlMjEzZjAlMjEzbTIlMjExaTEwMjQlMjEyaTc2OCUyMTRmMTMuMSUyMTNtMyUyMTFtMiUyMTFzMHhkNDIyOWMwYzYzMzAxNmIlMjUzQTB4NjhkMWM1NWY3NTM2MGE0NiUyMTJzQ2FsbGUlMkJkZWwlMkJEci4lMkJKdWFuJTJCSm9zJTI1QzMlMjVBOSUyQkwlMjVDMyUyNUIzcGV6JTJCSWJvciUyNTJDJTJCMiUyNTJDJTJCMjgwMzUlMkJNYWRyaWQlMjE1ZTAlMjEzbTIlMjExc2VzJTIxMnNlcyUyMTR2MTU0NjI0NzU2NTA5MiUyMiUyMHdpZHRoJTNEJTIyMTAwJTI1JTIyJTIwaGVpZ2h0JTNEJTIyNDUwJTIyJTIwZnJhbWVib3JkZXIlM0QlMjIwJTIyJTIwc3R5bGUlM0QlMjJib3JkZXIlM0EwJTIyJTIwYWxsb3dmdWxsc2NyZWVuJTNFJTNDJTJGaWZyYW1lJTNF&#8221;][\/vc_column][\/vc_row][vc_row css=&#8221;.vc_custom_1554132706929{margin-top: 50px !important;padding-bottom: 30px !important;}&#8221;][vc_column width=&#8221;1\/3&#8243;][vc_custom_heading text=&#8221;Contact information&#8221; font_container=&#8221;tag:h4|text_align:left&#8221; google_fonts=&#8221;font_family:Exo%3A100%2C100italic%2C200%2C200italic%2C300%2C300italic%2Cregular%2Citalic%2C500%2C500italic%2C600%2C600italic%2C700%2C700italic%2C800%2C800italic%2C900%2C900italic|font_style:300%20light%20regular%3A300%3Anormal&#8221; css=&#8221;.vc_custom_1563786013060{padding-top: 20px !important;}&#8221;][vc_custom_heading text=&#8221;Transporte p\u00fablico&#8221; font_container=&#8221;tag:h4|text_align:left&#8221; google_fonts=&#8221;font_family:Exo%3A100%2C100italic%2C200%2C200italic%2C300%2C300italic%2Cregular%2Citalic%2C500%2C500italic%2C600%2C600italic%2C700%2C700italic%2C800%2C800italic%2C900%2C900italic|font_style:300%20light%20regular%3A300%3Anormal&#8221; css=&#8221;.vc_custom_1554132305200{padding-top: 30px !important;}&#8221;][vc_column_text]From Cuatro Caminos, bus 64 From Moncloa, bus 82 From La Vaguada, bus 137 Metro line 7, stop Antonio Machado[\/vc_column_text][\/vc_column][vc_column&hellip;\" \/>\n<meta property=\"og:url\" content=\"https:\/\/www.fundacionlopezibor.es\/en\/contact\/\" \/>\n<meta property=\"og:site_name\" content=\"Fundacion Juan Jos\u00e9 L\u00f3pez-Ibor\" \/>\n<meta property=\"article:modified_time\" content=\"2019-12-17T09:13:50+00:00\" \/>\n<meta name=\"twitter:card\" content=\"summary_large_image\" \/>\n<meta name=\"twitter:label1\" content=\"Est. reading time\" \/>\n\t<meta name=\"twitter:data1\" content=\"2 minutes\" \/>\n<script type=\"application\/ld+json\" class=\"yoast-schema-graph\">{\"@context\":\"https:\/\/schema.org\",\"@graph\":[{\"@type\":\"WebPage\",\"@id\":\"https:\/\/www.fundacionlopezibor.es\/en\/contact\/\",\"url\":\"https:\/\/www.fundacionlopezibor.es\/en\/contact\/\",\"name\":\"Contact - Fundacion Juan Jos\u00e9 L\u00f3pez-Ibor\",\"isPartOf\":{\"@id\":\"https:\/\/www.fundacionlopezibor.es\/#website\"},\"datePublished\":\"2019-07-18T09:34:10+00:00\",\"dateModified\":\"2019-12-17T09:13:50+00:00\",\"breadcrumb\":{\"@id\":\"https:\/\/www.fundacionlopezibor.es\/en\/contact\/#breadcrumb\"},\"inLanguage\":\"en-US\",\"potentialAction\":[{\"@type\":\"ReadAction\",\"target\":[\"https:\/\/www.fundacionlopezibor.es\/en\/contact\/\"]}]},{\"@type\":\"BreadcrumbList\",\"@id\":\"https:\/\/www.fundacionlopezibor.es\/en\/contact\/#breadcrumb\",\"itemListElement\":[{\"@type\":\"ListItem\",\"position\":1,\"name\":\"Portada\",\"item\":\"https:\/\/www.fundacionlopezibor.es\/en\/\"},{\"@type\":\"ListItem\",\"position\":2,\"name\":\"Contact\"}]},{\"@type\":\"WebSite\",\"@id\":\"https:\/\/www.fundacionlopezibor.es\/#website\",\"url\":\"https:\/\/www.fundacionlopezibor.es\/\",\"name\":\"Fundacion Juan Jos\u00e9 L\u00f3pez-Ibor\",\"description\":\"\",\"publisher\":{\"@id\":\"https:\/\/www.fundacionlopezibor.es\/#organization\"},\"potentialAction\":[{\"@type\":\"SearchAction\",\"target\":{\"@type\":\"EntryPoint\",\"urlTemplate\":\"https:\/\/www.fundacionlopezibor.es\/?s={search_term_string}\"},\"query-input\":{\"@type\":\"PropertyValueSpecification\",\"valueRequired\":true,\"valueName\":\"search_term_string\"}}],\"inLanguage\":\"en-US\"},{\"@type\":\"Organization\",\"@id\":\"https:\/\/www.fundacionlopezibor.es\/#organization\",\"name\":\"Fundaci\u00f3n Juan Jos\u00e9 L\u00f3pez-Ibor\",\"url\":\"https:\/\/www.fundacionlopezibor.es\/\",\"logo\":{\"@type\":\"ImageObject\",\"inLanguage\":\"en-US\",\"@id\":\"https:\/\/www.fundacionlopezibor.es\/#\/schema\/logo\/image\/\",\"url\":\"https:\/\/www.fundacionlopezibor.es\/wp-content\/uploads\/2019\/06\/logo.png\",\"contentUrl\":\"https:\/\/www.fundacionlopezibor.es\/wp-content\/uploads\/2019\/06\/logo.png\",\"width\":5635,\"height\":1069,\"caption\":\"Fundaci\u00f3n Juan Jos\u00e9 L\u00f3pez-Ibor\"},\"image\":{\"@id\":\"https:\/\/www.fundacionlopezibor.es\/#\/schema\/logo\/image\/\"},\"sameAs\":[\"https:\/\/es.linkedin.com\/company\/fundacin-juan-jos-lpez-ibor\"]}]}<\/script>\n<!-- \/ Yoast SEO plugin. -->","yoast_head_json":{"title":"Contact - Fundacion Juan Jos\u00e9 L\u00f3pez-Ibor","robots":{"index":"index","follow":"follow","max-snippet":"max-snippet:-1","max-image-preview":"max-image-preview:large","max-video-preview":"max-video-preview:-1"},"canonical":"https:\/\/www.fundacionlopezibor.es\/en\/contact\/","og_locale":"en_US","og_type":"article","og_title":"Contact - Fundacion Juan Jos\u00e9 L\u00f3pez-Ibor","og_description":"[vc_row bg_type=&#8221;bg_color&#8221; bg_override=&#8221;full&#8221; css=&#8221;.vc_custom_1554132608939{padding-top: 40px !important;padding-bottom: 40px !important;}&#8221; bg_color_value=&#8221;#f2f2f2&#8243;][vc_column][vc_custom_heading text=&#8221;Contact with the foundation&#8221; google_fonts=&#8221;font_family:Exo%3A100%2C100italic%2C200%2C200italic%2C300%2C300italic%2Cregular%2Citalic%2C500%2C500italic%2C600%2C600italic%2C700%2C700italic%2C800%2C800italic%2C900%2C900italic|font_style:300%20light%20regular%3A300%3Anormal&#8221;][\/vc_column][\/vc_row][vc_row disable_element=&#8221;yes&#8221;][vc_column][vc_gmaps link=&#8221;#E-8_JTNDaWZyYW1lJTIwc3JjJTNEJTIyaHR0cHMlM0ElMkYlMkZ3d3cuZ29vZ2xlLmNvbSUyRm1hcHMlMkZlbWJlZCUzRnBiJTNEJTIxMW0xOCUyMTFtMTIlMjExbTMlMjExZDMwMzUuMjk0ODczNTk5MDc2NyUyMTJkLTMuNzI2ODU2NDg0NjAyNDgwNSUyMTNkNDAuNDY4NzQxMDc5MzU5MDglMjEybTMlMjExZjAlMjEyZjAlMjEzZjAlMjEzbTIlMjExaTEwMjQlMjEyaTc2OCUyMTRmMTMuMSUyMTNtMyUyMTFtMiUyMTFzMHhkNDIyOWMwYzYzMzAxNmIlMjUzQTB4NjhkMWM1NWY3NTM2MGE0NiUyMTJzQ2FsbGUlMkJkZWwlMkJEci4lMkJKdWFuJTJCSm9zJTI1QzMlMjVBOSUyQkwlMjVDMyUyNUIzcGV6JTJCSWJvciUyNTJDJTJCMiUyNTJDJTJCMjgwMzUlMkJNYWRyaWQlMjE1ZTAlMjEzbTIlMjExc2VzJTIxMnNlcyUyMTR2MTU0NjI0NzU2NTA5MiUyMiUyMHdpZHRoJTNEJTIyMTAwJTI1JTIyJTIwaGVpZ2h0JTNEJTIyNDUwJTIyJTIwZnJhbWVib3JkZXIlM0QlMjIwJTIyJTIwc3R5bGUlM0QlMjJib3JkZXIlM0EwJTIyJTIwYWxsb3dmdWxsc2NyZWVuJTNFJTNDJTJGaWZyYW1lJTNF&#8221;][\/vc_column][\/vc_row][vc_row css=&#8221;.vc_custom_1554132706929{margin-top: 50px !important;padding-bottom: 30px !important;}&#8221;][vc_column width=&#8221;1\/3&#8243;][vc_custom_heading text=&#8221;Contact information&#8221; font_container=&#8221;tag:h4|text_align:left&#8221; google_fonts=&#8221;font_family:Exo%3A100%2C100italic%2C200%2C200italic%2C300%2C300italic%2Cregular%2Citalic%2C500%2C500italic%2C600%2C600italic%2C700%2C700italic%2C800%2C800italic%2C900%2C900italic|font_style:300%20light%20regular%3A300%3Anormal&#8221; css=&#8221;.vc_custom_1563786013060{padding-top: 20px !important;}&#8221;][vc_custom_heading text=&#8221;Transporte p\u00fablico&#8221; font_container=&#8221;tag:h4|text_align:left&#8221; google_fonts=&#8221;font_family:Exo%3A100%2C100italic%2C200%2C200italic%2C300%2C300italic%2Cregular%2Citalic%2C500%2C500italic%2C600%2C600italic%2C700%2C700italic%2C800%2C800italic%2C900%2C900italic|font_style:300%20light%20regular%3A300%3Anormal&#8221; css=&#8221;.vc_custom_1554132305200{padding-top: 30px !important;}&#8221;][vc_column_text]From Cuatro Caminos, bus 64 From Moncloa, bus 82 From La Vaguada, bus 137 Metro line 7, stop Antonio Machado[\/vc_column_text][\/vc_column][vc_column&hellip;","og_url":"https:\/\/www.fundacionlopezibor.es\/en\/contact\/","og_site_name":"Fundacion Juan Jos\u00e9 L\u00f3pez-Ibor","article_modified_time":"2019-12-17T09:13:50+00:00","twitter_card":"summary_large_image","twitter_misc":{"Est. reading time":"2 minutes"},"schema":{"@context":"https:\/\/schema.org","@graph":[{"@type":"WebPage","@id":"https:\/\/www.fundacionlopezibor.es\/en\/contact\/","url":"https:\/\/www.fundacionlopezibor.es\/en\/contact\/","name":"Contact - Fundacion Juan Jos\u00e9 L\u00f3pez-Ibor","isPartOf":{"@id":"https:\/\/www.fundacionlopezibor.es\/#website"},"datePublished":"2019-07-18T09:34:10+00:00","dateModified":"2019-12-17T09:13:50+00:00","breadcrumb":{"@id":"https:\/\/www.fundacionlopezibor.es\/en\/contact\/#breadcrumb"},"inLanguage":"en-US","potentialAction":[{"@type":"ReadAction","target":["https:\/\/www.fundacionlopezibor.es\/en\/contact\/"]}]},{"@type":"BreadcrumbList","@id":"https:\/\/www.fundacionlopezibor.es\/en\/contact\/#breadcrumb","itemListElement":[{"@type":"ListItem","position":1,"name":"Portada","item":"https:\/\/www.fundacionlopezibor.es\/en\/"},{"@type":"ListItem","position":2,"name":"Contact"}]},{"@type":"WebSite","@id":"https:\/\/www.fundacionlopezibor.es\/#website","url":"https:\/\/www.fundacionlopezibor.es\/","name":"Fundacion Juan Jos\u00e9 L\u00f3pez-Ibor","description":"","publisher":{"@id":"https:\/\/www.fundacionlopezibor.es\/#organization"},"potentialAction":[{"@type":"SearchAction","target":{"@type":"EntryPoint","urlTemplate":"https:\/\/www.fundacionlopezibor.es\/?s={search_term_string}"},"query-input":{"@type":"PropertyValueSpecification","valueRequired":true,"valueName":"search_term_string"}}],"inLanguage":"en-US"},{"@type":"Organization","@id":"https:\/\/www.fundacionlopezibor.es\/#organization","name":"Fundaci\u00f3n Juan Jos\u00e9 L\u00f3pez-Ibor","url":"https:\/\/www.fundacionlopezibor.es\/","logo":{"@type":"ImageObject","inLanguage":"en-US","@id":"https:\/\/www.fundacionlopezibor.es\/#\/schema\/logo\/image\/","url":"https:\/\/www.fundacionlopezibor.es\/wp-content\/uploads\/2019\/06\/logo.png","contentUrl":"https:\/\/www.fundacionlopezibor.es\/wp-content\/uploads\/2019\/06\/logo.png","width":5635,"height":1069,"caption":"Fundaci\u00f3n Juan Jos\u00e9 L\u00f3pez-Ibor"},"image":{"@id":"https:\/\/www.fundacionlopezibor.es\/#\/schema\/logo\/image\/"},"sameAs":["https:\/\/es.linkedin.com\/company\/fundacin-juan-jos-lpez-ibor"]}]}},"_links":{"self":[{"href":"https:\/\/www.fundacionlopezibor.es\/en\/wp-json\/wp\/v2\/pages\/1842\/"}],"collection":[{"href":"https:\/\/www.fundacionlopezibor.es\/en\/wp-json\/wp\/v2\/pages\/"}],"about":[{"href":"https:\/\/www.fundacionlopezibor.es\/en\/wp-json\/wp\/v2\/types\/page\/"}],"author":[{"embeddable":true,"href":"https:\/\/www.fundacionlopezibor.es\/en\/wp-json\/wp\/v2\/users\/1\/"}],"replies":[{"embeddable":true,"href":"https:\/\/www.fundacionlopezibor.es\/en\/wp-json\/wp\/v2\/comments\/?post=1842"}],"version-history":[{"count":0,"href":"https:\/\/www.fundacionlopezibor.es\/en\/wp-json\/wp\/v2\/pages\/1842\/revisions\/"}],"wp:attachment":[{"href":"https:\/\/www.fundacionlopezibor.es\/en\/wp-json\/wp\/v2\/media\/?parent=1842"}],"curies":[{"name":"wp","href":"https:\/\/api.w.org\/{rel}","templated":true}]}}