{"id":1845,"date":"2019-07-18T09:40:09","date_gmt":"2019-07-18T09:40:09","guid":{"rendered":"https:\/\/www.fundacionlopezibor.es\/?page_id=1845"},"modified":"2019-07-18T12:44:07","modified_gmt":"2019-07-18T12:44:07","slug":"doctor-lopez-ibor","status":"publish","type":"page","link":"https:\/\/www.fundacionlopezibor.es\/en\/doctor-lopez-ibor\/","title":{"rendered":"Doctor L\u00f3pez Ibor"},"content":{"rendered":"<p>[vc_row bg_type=&#8221;image&#8221; parallax_style=&#8221;vcpb-vz-jquery&#8221; bg_image_new=&#8221;id^1373|url^http:\/\/www.fundacionlopezibor.es\/wp-content\/uploads\/2019\/03\/writing-1149962_19201-1.jpg|caption^null|alt^null|title^writing-1149962_1920(1)|description^null&#8221; bg_image_repeat=&#8221;no-repeat&#8221; bg_override=&#8221;ex-full&#8221; enable_overlay=&#8221;enable_overlay_value&#8221; overlay_color=&#8221;rgba(255,255,255,0.85)&#8221; overlay_pattern=&#8221;transperant&#8221; seperator_enable=&#8221;seperator_enable_value&#8221; seperator_type=&#8221;tilt_left_seperator&#8221; seperator_position=&#8221;bottom_seperator&#8221; css=&#8221;.vc_custom_1553849479119{margin-top: 0px !important;margin-bottom: 0px !important;border-bottom-width: 0px !important;padding-bottom: 0px !important;}&#8221;][vc_column css=&#8221;.vc_custom_1553774381467{margin-bottom: 0px !important;border-bottom-width: 0px !important;padding-bottom: 0px !important;}&#8221;]\n\t\t\t<!-- START fundadoren REVOLUTION SLIDER 6.7.38 --><p class=\"rs-p-wp-fix\"><\/p>\n\t\t\t<rs-module-wrap id=\"rev_slider_21_1_wrapper\" data-source=\"gallery\" style=\"visibility:hidden;background:#;padding:0;margin:0px auto;margin-top:0;margin-bottom:0;\">\n\t\t\t\t<rs-module id=\"rev_slider_21_1\" style=\"\" data-version=\"6.7.38\">\n\t\t\t\t\t<rs-slides style=\"overflow: hidden; position: absolute;\">\n\t\t\t\t\t\t<rs-slide style=\"position: absolute;\" data-key=\"rs-33\" data-title=\"Slide\" data-duration=\"9700\" data-anim=\"adpr:false;\">\n\t\t\t\t\t\t\t<img decoding=\"async\" src=\"\/\/www.fundacionlopezibor.es\/wp-content\/plugins\/revslider\/sr6\/assets\/assets\/dummy.png\" alt=\"Slide\" title=\"Doctor L\u00f3pez Ibor\" class=\"rev-slidebg tp-rs-img rs-lazyload\" data-lazyload=\"\/\/www.fundacionlopezibor.es\/wp-content\/plugins\/revslider\/sr6\/assets\/assets\/transparent.png\" data-no-retina>\n<!--\n\t\t\t\t\t\t\t--><rs-layer\n\t\t\t\t\t\t\t\tid=\"slider-21-slide-33-layer-4\" \n\t\t\t\t\t\t\t\tdata-type=\"text\"\n\t\t\t\t\t\t\t\tdata-color=\"#7f7f7f\"\n\t\t\t\t\t\t\t\tdata-rsp_ch=\"on\"\n\t\t\t\t\t\t\t\tdata-xy=\"x:l,l,c,c;xo:688px,531px,105px,105px;y:m;yo:1px,7px,17px,17px;\"\n\t\t\t\t\t\t\t\tdata-text=\"s:50,50,30,30;l:160,160,110,110;fw:200;\"\n\t\t\t\t\t\t\t\tdata-frame_0=\"x:175%;o:1;tp:600;\"\n\t\t\t\t\t\t\t\tdata-frame_0_mask=\"u:t;x:-100%;\"\n\t\t\t\t\t\t\t\tdata-frame_1=\"tp:600;e:power3.out;st:900;sp:1700;sR:900;\"\n\t\t\t\t\t\t\t\tdata-frame_1_mask=\"u:t;\"\n\t\t\t\t\t\t\t\tdata-frame_999=\"o:0;tp:600;e:nothing;st:w;sp:670;sR:7100;\"\n\t\t\t\t\t\t\t\tstyle=\"z-index:5;font-family:'Oswald';\"\n\t\t\t\t\t\t\t>JUAN JOS\u00c9 L\u00d3PEZ-IBOR \n\t\t\t\t\t\t\t<\/rs-layer><!--\n\n\t\t\t\t\t\t\t--><rs-layer\n\t\t\t\t\t\t\t\tid=\"slider-21-slide-33-layer-12\" \n\t\t\t\t\t\t\t\tdata-type=\"text\"\n\t\t\t\t\t\t\t\tdata-color=\"rgba(255, 255, 255, 1)\"\n\t\t\t\t\t\t\t\tdata-rsp_ch=\"on\"\n\t\t\t\t\t\t\t\tdata-xy=\"x:r,r,c,c;xo:24px,24px,0,24px;y:m;yo:170px,170px,200px,200px;\"\n\t\t\t\t\t\t\t\tdata-text=\"w:normal;s:17,17,22,22;l:26,26,31,31;fw:500;a:center;\"\n\t\t\t\t\t\t\t\tdata-dim=\"w:280px,280px,400px,400px;h:70px,70px,90px,90px;\"\n\t\t\t\t\t\t\t\tdata-frame_0=\"y:-30px;tp:600;\"\n\t\t\t\t\t\t\t\tdata-frame_1=\"tp:600;e:power2.inOut;st:2600;sp:1000;sR:2600;\"\n\t\t\t\t\t\t\t\tdata-frame_999=\"o:0;tp:600;e:nothing;st:w;sp:810;sR:6100;\"\n\t\t\t\t\t\t\t\tstyle=\"z-index:6;font-family:'Roboto';\"\n\t\t\t\t\t\t\t> \n\t\t\t\t\t\t\t<\/rs-layer><!--\n-->\t\t\t\t\t<\/rs-slide>\n\t\t\t\t\t<\/rs-slides>\n\t\t\t\t<\/rs-module>\n\t\t\t\t<script>\n\t\t\t\t\tsetREVStartSize({c: 'rev_slider_21_1',rl:[1240,1024,778,778],el:[],gw:[1150,1000,600,600],gh:[200,200,200,200],type:'hero',justify:'',layout:'fullwidth',mh:\"0\"});if (window.RS_MODULES!==undefined && window.RS_MODULES.modules!==undefined && window.RS_MODULES.modules[\"revslider211\"]!==undefined) {window.RS_MODULES.modules[\"revslider211\"].once = false;window.revapi21 = undefined;if (window.RS_MODULES.checkMinimal!==undefined) window.RS_MODULES.checkMinimal()}\n\t\t\t\t<\/script>\n\t\t\t<\/rs-module-wrap>\n\t\t\t<!-- END REVOLUTION SLIDER -->\n[\/vc_column][\/vc_row][vc_row][vc_column]<div id=\"ultimate-heading-794269e0a0bd49858\" class=\"uvc-heading ult-adjust-bottom-margin ultimate-heading-794269e0a0bd49858 uvc-4553  uvc-heading-default-font-sizes\" data-hspacer=\"line_only\"  data-halign=\"left\" style=\"text-align:left\"><div class=\"uvc-main-heading ult-responsive\"  data-ultimate-target='.uvc-heading.ultimate-heading-794269e0a0bd49858 h2'  data-responsive-json-new='{\"font-size\":\"\",\"line-height\":\"\"}' ><h2 style=\"font-family:&#039;Exo&#039;;font-weight:300;\">Professor Juan Jos\u00e9 L\u00f3pez-Ibor Ali\u00f1o | Doctor L\u00f3pez-Ibor<\/h2><\/div><div class=\"uvc-heading-spacer line_only\" style=\"topheight:1px;\"><span class=\"uvc-headings-line\" style=\"border-style:solid;border-bottom-width:1px;border-color:#ccc;width:autopx;\"><\/span><\/div><\/div>[\/vc_column][\/vc_row][vc_row][vc_column css=&#8221;.vc_custom_1553691980818{margin-top: 25px !important;}&#8221;][vc_column_text]Was born in Madrid on the 17 of December, 1941, and he died in Madrid the 12 of January, 2015 at the age of 73. Father of four, Maria In\u00e9s, Juan Jos\u00e9, Jaime and Cristina.<\/p>\n<p>Was an Emeritus Professor at the Department of Psychiatry of the Faculty of Medicine of the Universidad Complutense in Madrid. An Emeritus Doctor in San Carlos University. Numerary Member of the Royal Medicine Spanish Academy Academic. Ex-president of the World Association of Psychiatry. Numerary Member of Spanish Doctors. Honorary Member \u00a0of the Medicine and Surgery Spanish Academy. Honorary Member of Numerous International Academia like Real Academia Nacional de Medicina de Buenos Aires, Argentina. Correspondent Academic of the Real Academia de Medicina de Zaragoza. Honoris Causa Doctor \u00a0by the Universities of Chile and the University Rey Juan Carlos of Madrid. Vice-President of the Health Superior Council of Madrid Community. President and Founder of the <a href=\"\/en\/history\/\" target=\"_blank\" rel=\"noopener noreferrer\">Juan Jos\u00e9 L\u00f3pez-Ibor Foundation<\/a>. President of the Administration Council of the L\u00f3pez Ibor Clinic.[\/vc_column_text][\/vc_column][\/vc_row][vc_row bg_type=&#8221;bg_color&#8221; bg_override=&#8221;ex-full&#8221; bg_color_value=&#8221;#e8e8e8&#8243; css=&#8221;.vc_custom_1553849659748{padding-top: 30px !important;padding-bottom: 60px !important;}&#8221;][vc_column width=&#8221;2\/3&#8243;][vc_custom_heading text=&#8221;CURRICULUM&#8221; font_container=&#8221;tag:h2|text_align:center|color:%23000000&#8243; google_fonts=&#8221;font_family:Exo%3A100%2C100italic%2C200%2C200italic%2C300%2C300italic%2Cregular%2Citalic%2C500%2C500italic%2C600%2C600italic%2C700%2C700italic%2C800%2C800italic%2C900%2C900italic|font_style:200%20light%20regular%3A200%3Anormal&#8221;][vc_custom_heading text=&#8221;Graduate in Medicine with outstanding grades and extraordinary award. Doctor in medicine with outstanding Cum Laude. Specialist Doctor in Psychiatry and Neurology started his career as an Assistant Teacher of Psychiatry in the Complutense and late he was Aggregate Teacher of Psychiatry in Oviedo. In 1974 acceded by opposition to Professor of Psychiatry in Salamanca University where he also become the the Director of the Department of Medical Psychology and Psychiatry. In 1982 became the Chair of Psychiatry in the Universidad de Alcal\u00e1 de Henares and Chair of the Psychiatric Service of the Ram\u00f3n y Cajal University Hospital. Since 1992 he was a Professor in Psychiatry of the Complutense University in Madrid and chair of the Psychiatry Service in San Carlos University Hospital and in the year 2001 created the Psychiatric and Mental Health institute of the Hospital Cl\u00ednico, from which he was the chair until 2012.&#8221; font_container=&#8221;tag:p|text_align:center|color:%23000000&#8243; google_fonts=&#8221;font_family:Exo%3A100%2C100italic%2C200%2C200italic%2C300%2C300italic%2Cregular%2Citalic%2C500%2C500italic%2C600%2C600italic%2C700%2C700italic%2C800%2C800italic%2C900%2C900italic|font_style:200%20light%20regular%3A200%3Anormal&#8221;][\/vc_column][vc_column width=&#8221;1\/3&#8243;][vc_single_image image=&#8221;354&#8243; img_size=&#8221;medium&#8221; alignment=&#8221;center&#8221; style=&#8221;vc_box_rounded&#8221; onclick=&#8221;link_image&#8221;][\/vc_column][\/vc_row][vc_row][vc_column][vc_custom_heading text=&#8221;Research activity&#8221; font_container=&#8221;tag:h2|text_align:left|color:%23000000&#8243; google_fonts=&#8221;font_family:Exo%3A100%2C100italic%2C200%2C200italic%2C300%2C300italic%2Cregular%2Citalic%2C500%2C500italic%2C600%2C600italic%2C700%2C700italic%2C800%2C800italic%2C900%2C900italic|font_style:200%20light%20regular%3A200%3Anormal&#8221;][vc_column_text]The research activity of the Doctor L\u00f3pez-Ibor is outstanding:<\/p>\n<ul>\n<li>54 competitive research projects, he has published 58 books and monographs and 239 chapters, 416 publications in scientific journals.<\/li>\n<li>The number of papers, communications and activities related on the councils in its bigger part internationals and other scientific meetings ascent up to 1644, also of being a speaker in 284 courses and seminars.<\/li>\n<li>He had five periods ( six year\u00b4s period) of research \u00a0and six full teaching periods ( five years each)<\/li>\n<li>He was member of the Editorial Board of the most important Journals of his specialty both \u00a0Nationals and International. Director of the <strong>Actas Espa\u00f1olas de Psiquiatr\u00eda<\/strong> International Journal \u00a0<a href=\"http:\/\/actaspsiquiatria.es\/\">http:\/\/actaspsiquiatria.es\/<\/a>, founded by his father in 1940. Was the first psychiatric Journal of the Spanish language of that had\u00a0 Impact Factor.<\/li>\n<li>He was President and Secretary General of the World Psychiatry Association and the Spanish Psychiatry Society and from others scientific societies.<\/li>\n<li>He was President of Sanitas and President of the Sanitas Foundation.<\/li>\n<\/ul>\n<p>[\/vc_column_text][\/vc_column][\/vc_row][vc_row seperator_enable=&#8221;seperator_enable_value&#8221; seperator_type=&#8221;tilt_left_seperator&#8221; css=&#8221;.vc_custom_1553845975564{padding-top: 60px !important;padding-bottom: 60px !important;}&#8221;][vc_column width=&#8221;1\/2&#8243;][vc_custom_heading text=&#8221;Awards&#8221; font_container=&#8221;tag:h2|text_align:left|color:%23000000&#8243; google_fonts=&#8221;font_family:Exo%3A100%2C100italic%2C200%2C200italic%2C300%2C300italic%2Cregular%2Citalic%2C500%2C500italic%2C600%2C600italic%2C700%2C700italic%2C800%2C800italic%2C900%2C900italic|font_style:200%20light%20regular%3A200%3Anormal&#8221;][vc_column_text]Doctor Juan Jos\u00e9 L\u00f3pez-Ibor also was acknowledge with many awards as:<\/p>\n<ul>\n<li>Cross with White Distinction Spanish Police Department<\/li>\n<li>Civil Health Order.<\/li>\n<li>International Science and Research Award from the Crist\u00f3bal Gabarr\u00f3n Foundation.<\/li>\n<li>Sim\u00f3n Bolivar Award from the Committee of Hispanic Psychiatrists of the American Psychiatric Association.<\/li>\n<li>Grand Cross of Health Madrid.<\/li>\n<\/ul>\n<p>[\/vc_column_text][\/vc_column][vc_column width=&#8221;1\/2&#8243;][vc_single_image image=&#8221;1733&#8243; img_size=&#8221;full&#8221; alignment=&#8221;center&#8221; style=&#8221;vc_box_rounded&#8221; onclick=&#8221;link_image&#8221;][\/vc_column][\/vc_row]<\/p>\n","protected":false},"excerpt":{"rendered":"<p>[vc_row bg_type=&#8221;image&#8221; parallax_style=&#8221;vcpb-vz-jquery&#8221; bg_image_new=&#8221;id^1373|url^http:\/\/www.fundacionlopezibor.es\/wp-content\/uploads\/2019\/03\/writing-1149962_19201-1.jpg|caption^null|alt^null|title^writing-1149962_1920(1)|description^null&#8221; bg_image_repeat=&#8221;no-repeat&#8221; bg_override=&#8221;ex-full&#8221; enable_overlay=&#8221;enable_overlay_value&#8221; overlay_color=&#8221;rgba(255,255,255,0.85)&#8221; overlay_pattern=&#8221;transperant&#8221; seperator_enable=&#8221;seperator_enable_value&#8221; seperator_type=&#8221;tilt_left_seperator&#8221; seperator_position=&#8221;bottom_seperator&#8221; css=&#8221;.vc_custom_1553849479119{margin-top: 0px !important;margin-bottom: 0px !important;border-bottom-width: 0px !important;padding-bottom: 0px !important;}&#8221;][vc_column css=&#8221;.vc_custom_1553774381467{margin-bottom: 0px !important;border-bottom-width: 0px !important;padding-bottom: 0px !important;}&#8221;][\/vc_column][\/vc_row][vc_row][vc_column][\/vc_column][\/vc_row][vc_row][vc_column css=&#8221;.vc_custom_1553691980818{margin-top: 25px !important;}&#8221;][vc_column_text]Was born in Madrid on the 17 of December, 1941, and he died in Madrid the 12 of January, 2015 at the age of 73.&hellip;<\/p>\n","protected":false},"author":1,"featured_media":0,"parent":0,"menu_order":0,"comment_status":"closed","ping_status":"closed","template":"","meta":{"footnotes":""},"class_list":["post-1845","page","type-page","status-publish","hentry","description-off"],"yoast_head":"<!-- This site is optimized with the Yoast SEO plugin v27.3 - https:\/\/yoast.com\/product\/yoast-seo-wordpress\/ -->\n<title>Doctor L\u00f3pez Ibor - Fundacion Juan Jos\u00e9 L\u00f3pez-Ibor<\/title>\n<meta name=\"robots\" content=\"index, follow, max-snippet:-1, max-image-preview:large, max-video-preview:-1\" \/>\n<link rel=\"canonical\" href=\"https:\/\/www.fundacionlopezibor.es\/en\/doctor-lopez-ibor\/\" \/>\n<meta property=\"og:locale\" content=\"en_US\" \/>\n<meta property=\"og:type\" content=\"article\" \/>\n<meta property=\"og:title\" content=\"Doctor L\u00f3pez Ibor - Fundacion Juan Jos\u00e9 L\u00f3pez-Ibor\" \/>\n<meta property=\"og:description\" content=\"[vc_row bg_type=&#8221;image&#8221; parallax_style=&#8221;vcpb-vz-jquery&#8221; bg_image_new=&#8221;id^1373|url^http:\/\/www.fundacionlopezibor.es\/wp-content\/uploads\/2019\/03\/writing-1149962_19201-1.jpg|caption^null|alt^null|title^writing-1149962_1920(1)|description^null&#8221; bg_image_repeat=&#8221;no-repeat&#8221; bg_override=&#8221;ex-full&#8221; enable_overlay=&#8221;enable_overlay_value&#8221; overlay_color=&#8221;rgba(255,255,255,0.85)&#8221; overlay_pattern=&#8221;transperant&#8221; seperator_enable=&#8221;seperator_enable_value&#8221; seperator_type=&#8221;tilt_left_seperator&#8221; seperator_position=&#8221;bottom_seperator&#8221; css=&#8221;.vc_custom_1553849479119{margin-top: 0px !important;margin-bottom: 0px !important;border-bottom-width: 0px !important;padding-bottom: 0px !important;}&#8221;][vc_column css=&#8221;.vc_custom_1553774381467{margin-bottom: 0px !important;border-bottom-width: 0px !important;padding-bottom: 0px !important;}&#8221;][\/vc_column][\/vc_row][vc_row][vc_column][\/vc_column][\/vc_row][vc_row][vc_column css=&#8221;.vc_custom_1553691980818{margin-top: 25px !important;}&#8221;][vc_column_text]Was born in Madrid on the 17 of December, 1941, and he died in Madrid the 12 of January, 2015 at the age of 73.&hellip;\" \/>\n<meta property=\"og:url\" content=\"https:\/\/www.fundacionlopezibor.es\/en\/doctor-lopez-ibor\/\" \/>\n<meta property=\"og:site_name\" content=\"Fundacion Juan Jos\u00e9 L\u00f3pez-Ibor\" \/>\n<meta property=\"article:modified_time\" content=\"2019-07-18T12:44:07+00:00\" \/>\n<meta name=\"twitter:card\" content=\"summary_large_image\" \/>\n<meta name=\"twitter:label1\" content=\"Est. reading time\" \/>\n\t<meta name=\"twitter:data1\" content=\"5 minutes\" \/>\n<script type=\"application\/ld+json\" class=\"yoast-schema-graph\">{\"@context\":\"https:\\\/\\\/schema.org\",\"@graph\":[{\"@type\":\"WebPage\",\"@id\":\"https:\\\/\\\/www.fundacionlopezibor.es\\\/en\\\/doctor-lopez-ibor\\\/\",\"url\":\"https:\\\/\\\/www.fundacionlopezibor.es\\\/en\\\/doctor-lopez-ibor\\\/\",\"name\":\"Doctor L\u00f3pez Ibor - Fundacion Juan Jos\u00e9 L\u00f3pez-Ibor\",\"isPartOf\":{\"@id\":\"https:\\\/\\\/www.fundacionlopezibor.es\\\/#website\"},\"datePublished\":\"2019-07-18T09:40:09+00:00\",\"dateModified\":\"2019-07-18T12:44:07+00:00\",\"breadcrumb\":{\"@id\":\"https:\\\/\\\/www.fundacionlopezibor.es\\\/en\\\/doctor-lopez-ibor\\\/#breadcrumb\"},\"inLanguage\":\"en-US\",\"potentialAction\":[{\"@type\":\"ReadAction\",\"target\":[\"https:\\\/\\\/www.fundacionlopezibor.es\\\/en\\\/doctor-lopez-ibor\\\/\"]}]},{\"@type\":\"BreadcrumbList\",\"@id\":\"https:\\\/\\\/www.fundacionlopezibor.es\\\/en\\\/doctor-lopez-ibor\\\/#breadcrumb\",\"itemListElement\":[{\"@type\":\"ListItem\",\"position\":1,\"name\":\"Portada\",\"item\":\"https:\\\/\\\/www.fundacionlopezibor.es\\\/en\\\/\"},{\"@type\":\"ListItem\",\"position\":2,\"name\":\"Doctor L\u00f3pez Ibor\"}]},{\"@type\":\"WebSite\",\"@id\":\"https:\\\/\\\/www.fundacionlopezibor.es\\\/#website\",\"url\":\"https:\\\/\\\/www.fundacionlopezibor.es\\\/\",\"name\":\"Fundacion Juan Jos\u00e9 L\u00f3pez-Ibor\",\"description\":\"\",\"publisher\":{\"@id\":\"https:\\\/\\\/www.fundacionlopezibor.es\\\/#organization\"},\"potentialAction\":[{\"@type\":\"SearchAction\",\"target\":{\"@type\":\"EntryPoint\",\"urlTemplate\":\"https:\\\/\\\/www.fundacionlopezibor.es\\\/?s={search_term_string}\"},\"query-input\":{\"@type\":\"PropertyValueSpecification\",\"valueRequired\":true,\"valueName\":\"search_term_string\"}}],\"inLanguage\":\"en-US\"},{\"@type\":\"Organization\",\"@id\":\"https:\\\/\\\/www.fundacionlopezibor.es\\\/#organization\",\"name\":\"Fundaci\u00f3n Juan Jos\u00e9 L\u00f3pez-Ibor\",\"url\":\"https:\\\/\\\/www.fundacionlopezibor.es\\\/\",\"logo\":{\"@type\":\"ImageObject\",\"inLanguage\":\"en-US\",\"@id\":\"https:\\\/\\\/www.fundacionlopezibor.es\\\/#\\\/schema\\\/logo\\\/image\\\/\",\"url\":\"https:\\\/\\\/www.fundacionlopezibor.es\\\/wp-content\\\/uploads\\\/2019\\\/06\\\/logo.png\",\"contentUrl\":\"https:\\\/\\\/www.fundacionlopezibor.es\\\/wp-content\\\/uploads\\\/2019\\\/06\\\/logo.png\",\"width\":5635,\"height\":1069,\"caption\":\"Fundaci\u00f3n Juan Jos\u00e9 L\u00f3pez-Ibor\"},\"image\":{\"@id\":\"https:\\\/\\\/www.fundacionlopezibor.es\\\/#\\\/schema\\\/logo\\\/image\\\/\"},\"sameAs\":[\"https:\\\/\\\/es.linkedin.com\\\/company\\\/fundacin-juan-jos-lpez-ibor\"]}]}<\/script>\n<!-- \/ Yoast SEO plugin. -->","yoast_head_json":{"title":"Doctor L\u00f3pez Ibor - Fundacion Juan Jos\u00e9 L\u00f3pez-Ibor","robots":{"index":"index","follow":"follow","max-snippet":"max-snippet:-1","max-image-preview":"max-image-preview:large","max-video-preview":"max-video-preview:-1"},"canonical":"https:\/\/www.fundacionlopezibor.es\/en\/doctor-lopez-ibor\/","og_locale":"en_US","og_type":"article","og_title":"Doctor L\u00f3pez Ibor - Fundacion Juan Jos\u00e9 L\u00f3pez-Ibor","og_description":"[vc_row bg_type=&#8221;image&#8221; parallax_style=&#8221;vcpb-vz-jquery&#8221; bg_image_new=&#8221;id^1373|url^http:\/\/www.fundacionlopezibor.es\/wp-content\/uploads\/2019\/03\/writing-1149962_19201-1.jpg|caption^null|alt^null|title^writing-1149962_1920(1)|description^null&#8221; bg_image_repeat=&#8221;no-repeat&#8221; bg_override=&#8221;ex-full&#8221; enable_overlay=&#8221;enable_overlay_value&#8221; overlay_color=&#8221;rgba(255,255,255,0.85)&#8221; overlay_pattern=&#8221;transperant&#8221; seperator_enable=&#8221;seperator_enable_value&#8221; seperator_type=&#8221;tilt_left_seperator&#8221; seperator_position=&#8221;bottom_seperator&#8221; css=&#8221;.vc_custom_1553849479119{margin-top: 0px !important;margin-bottom: 0px !important;border-bottom-width: 0px !important;padding-bottom: 0px !important;}&#8221;][vc_column css=&#8221;.vc_custom_1553774381467{margin-bottom: 0px !important;border-bottom-width: 0px !important;padding-bottom: 0px !important;}&#8221;][\/vc_column][\/vc_row][vc_row][vc_column][\/vc_column][\/vc_row][vc_row][vc_column css=&#8221;.vc_custom_1553691980818{margin-top: 25px !important;}&#8221;][vc_column_text]Was born in Madrid on the 17 of December, 1941, and he died in Madrid the 12 of January, 2015 at the age of 73.&hellip;","og_url":"https:\/\/www.fundacionlopezibor.es\/en\/doctor-lopez-ibor\/","og_site_name":"Fundacion Juan Jos\u00e9 L\u00f3pez-Ibor","article_modified_time":"2019-07-18T12:44:07+00:00","twitter_card":"summary_large_image","twitter_misc":{"Est. reading time":"5 minutes"},"schema":{"@context":"https:\/\/schema.org","@graph":[{"@type":"WebPage","@id":"https:\/\/www.fundacionlopezibor.es\/en\/doctor-lopez-ibor\/","url":"https:\/\/www.fundacionlopezibor.es\/en\/doctor-lopez-ibor\/","name":"Doctor L\u00f3pez Ibor - Fundacion Juan Jos\u00e9 L\u00f3pez-Ibor","isPartOf":{"@id":"https:\/\/www.fundacionlopezibor.es\/#website"},"datePublished":"2019-07-18T09:40:09+00:00","dateModified":"2019-07-18T12:44:07+00:00","breadcrumb":{"@id":"https:\/\/www.fundacionlopezibor.es\/en\/doctor-lopez-ibor\/#breadcrumb"},"inLanguage":"en-US","potentialAction":[{"@type":"ReadAction","target":["https:\/\/www.fundacionlopezibor.es\/en\/doctor-lopez-ibor\/"]}]},{"@type":"BreadcrumbList","@id":"https:\/\/www.fundacionlopezibor.es\/en\/doctor-lopez-ibor\/#breadcrumb","itemListElement":[{"@type":"ListItem","position":1,"name":"Portada","item":"https:\/\/www.fundacionlopezibor.es\/en\/"},{"@type":"ListItem","position":2,"name":"Doctor L\u00f3pez Ibor"}]},{"@type":"WebSite","@id":"https:\/\/www.fundacionlopezibor.es\/#website","url":"https:\/\/www.fundacionlopezibor.es\/","name":"Fundacion Juan Jos\u00e9 L\u00f3pez-Ibor","description":"","publisher":{"@id":"https:\/\/www.fundacionlopezibor.es\/#organization"},"potentialAction":[{"@type":"SearchAction","target":{"@type":"EntryPoint","urlTemplate":"https:\/\/www.fundacionlopezibor.es\/?s={search_term_string}"},"query-input":{"@type":"PropertyValueSpecification","valueRequired":true,"valueName":"search_term_string"}}],"inLanguage":"en-US"},{"@type":"Organization","@id":"https:\/\/www.fundacionlopezibor.es\/#organization","name":"Fundaci\u00f3n Juan Jos\u00e9 L\u00f3pez-Ibor","url":"https:\/\/www.fundacionlopezibor.es\/","logo":{"@type":"ImageObject","inLanguage":"en-US","@id":"https:\/\/www.fundacionlopezibor.es\/#\/schema\/logo\/image\/","url":"https:\/\/www.fundacionlopezibor.es\/wp-content\/uploads\/2019\/06\/logo.png","contentUrl":"https:\/\/www.fundacionlopezibor.es\/wp-content\/uploads\/2019\/06\/logo.png","width":5635,"height":1069,"caption":"Fundaci\u00f3n Juan Jos\u00e9 L\u00f3pez-Ibor"},"image":{"@id":"https:\/\/www.fundacionlopezibor.es\/#\/schema\/logo\/image\/"},"sameAs":["https:\/\/es.linkedin.com\/company\/fundacin-juan-jos-lpez-ibor"]}]}},"_links":{"self":[{"href":"https:\/\/www.fundacionlopezibor.es\/en\/wp-json\/wp\/v2\/pages\/1845\/"}],"collection":[{"href":"https:\/\/www.fundacionlopezibor.es\/en\/wp-json\/wp\/v2\/pages\/"}],"about":[{"href":"https:\/\/www.fundacionlopezibor.es\/en\/wp-json\/wp\/v2\/types\/page\/"}],"author":[{"embeddable":true,"href":"https:\/\/www.fundacionlopezibor.es\/en\/wp-json\/wp\/v2\/users\/1\/"}],"replies":[{"embeddable":true,"href":"https:\/\/www.fundacionlopezibor.es\/en\/wp-json\/wp\/v2\/comments\/?post=1845"}],"version-history":[{"count":0,"href":"https:\/\/www.fundacionlopezibor.es\/en\/wp-json\/wp\/v2\/pages\/1845\/revisions\/"}],"wp:attachment":[{"href":"https:\/\/www.fundacionlopezibor.es\/en\/wp-json\/wp\/v2\/media\/?parent=1845"}],"curies":[{"name":"wp","href":"https:\/\/api.w.org\/{rel}","templated":true}]}}