{"id":1854,"date":"2019-07-18T10:12:12","date_gmt":"2019-07-18T10:12:12","guid":{"rendered":"https:\/\/www.fundacionlopezibor.es\/?page_id=1854"},"modified":"2019-07-22T08:00:14","modified_gmt":"2019-07-22T08:00:14","slug":"juan-jose-lopez-ibor-awards","status":"publish","type":"page","link":"https:\/\/www.fundacionlopezibor.es\/en\/juan-jose-lopez-ibor-awards\/","title":{"rendered":"Juan Jos\u00e9 L\u00f3pez-Ibor Awards"},"content":{"rendered":"<p>[vc_row bg_type=&#8221;image&#8221; parallax_style=&#8221;vcpb-vz-jquery&#8221; bg_image_new=&#8221;id^1579|url^http:\/\/www.fundacionlopezibor.es\/wp-content\/uploads\/2019\/04\/premios2010.jpg|caption^null|alt^null|title^premios2010|description^null&#8221; bg_image_repeat=&#8221;no-repeat&#8221; bg_override=&#8221;ex-full&#8221; enable_overlay=&#8221;enable_overlay_value&#8221; overlay_color=&#8221;rgba(255,255,255,0.85)&#8221; overlay_pattern=&#8221;transperant&#8221; seperator_enable=&#8221;seperator_enable_value&#8221; seperator_type=&#8221;tilt_left_seperator&#8221; seperator_position=&#8221;bottom_seperator&#8221; css=&#8221;.vc_custom_1554116460614{margin-top: 0px !important;margin-bottom: 0px !important;border-bottom-width: 0px !important;padding-bottom: 0px !important;}&#8221;][vc_column css=&#8221;.vc_custom_1553774381467{margin-bottom: 0px !important;border-bottom-width: 0px !important;padding-bottom: 0px !important;}&#8221;]\n\t\t\t<!-- START premiosen REVOLUTION SLIDER 6.7.38 --><p class=\"rs-p-wp-fix\"><\/p>\n\t\t\t<rs-module-wrap id=\"rev_slider_26_1_wrapper\" data-source=\"gallery\" style=\"visibility:hidden;background:#;padding:0;margin:0px auto;margin-top:0;margin-bottom:0;\">\n\t\t\t\t<rs-module id=\"rev_slider_26_1\" style=\"\" data-version=\"6.7.38\">\n\t\t\t\t\t<rs-slides style=\"overflow: hidden; position: absolute;\">\n\t\t\t\t\t\t<rs-slide style=\"position: absolute;\" data-key=\"rs-38\" data-title=\"Slide\" data-duration=\"9700\" data-anim=\"adpr:false;\">\n\t\t\t\t\t\t\t<img decoding=\"async\" src=\"\/\/www.fundacionlopezibor.es\/wp-content\/plugins\/revslider\/sr6\/assets\/assets\/dummy.png\" alt=\"Slide\" title=\"Juan Jos\u00e9 L\u00f3pez-Ibor Awards\" class=\"rev-slidebg tp-rs-img rs-lazyload\" data-lazyload=\"\/\/www.fundacionlopezibor.es\/wp-content\/plugins\/revslider\/sr6\/assets\/assets\/transparent.png\" data-no-retina>\n<!--\n\t\t\t\t\t\t\t--><rs-layer\n\t\t\t\t\t\t\t\tid=\"slider-26-slide-38-layer-4\" \n\t\t\t\t\t\t\t\tdata-type=\"text\"\n\t\t\t\t\t\t\t\tdata-color=\"#7f7f7f\"\n\t\t\t\t\t\t\t\tdata-rsp_ch=\"on\"\n\t\t\t\t\t\t\t\tdata-xy=\"x:l,l,c,c;xo:763px,546px,135px,135px;y:m;yo:0,-5px,16px,16px;\"\n\t\t\t\t\t\t\t\tdata-text=\"s:50,50,30,30;l:160,160,110,110;fw:200;\"\n\t\t\t\t\t\t\t\tdata-frame_0=\"x:175%;o:1;tp:600;\"\n\t\t\t\t\t\t\t\tdata-frame_0_mask=\"u:t;x:-100%;\"\n\t\t\t\t\t\t\t\tdata-frame_1=\"tp:600;e:power3.out;st:900;sp:1700;sR:900;\"\n\t\t\t\t\t\t\t\tdata-frame_1_mask=\"u:t;\"\n\t\t\t\t\t\t\t\tdata-frame_999=\"o:0;tp:600;e:nothing;st:w;sp:670;sR:7100;\"\n\t\t\t\t\t\t\t\tstyle=\"z-index:5;font-family:'Oswald';\"\n\t\t\t\t\t\t\t>AWARDS \n\t\t\t\t\t\t\t<\/rs-layer><!--\n\n\t\t\t\t\t\t\t--><rs-layer\n\t\t\t\t\t\t\t\tid=\"slider-26-slide-38-layer-12\" \n\t\t\t\t\t\t\t\tdata-type=\"text\"\n\t\t\t\t\t\t\t\tdata-color=\"rgba(255, 255, 255, 1)\"\n\t\t\t\t\t\t\t\tdata-rsp_ch=\"on\"\n\t\t\t\t\t\t\t\tdata-xy=\"x:r,r,c,c;xo:24px,24px,0,24px;y:m;yo:170px,170px,200px,200px;\"\n\t\t\t\t\t\t\t\tdata-text=\"w:normal;s:17,17,22,22;l:26,26,31,31;fw:500;a:center;\"\n\t\t\t\t\t\t\t\tdata-dim=\"w:280px,280px,400px,400px;h:70px,70px,90px,90px;\"\n\t\t\t\t\t\t\t\tdata-frame_0=\"y:-30px;tp:600;\"\n\t\t\t\t\t\t\t\tdata-frame_1=\"tp:600;e:power2.inOut;st:2600;sp:1000;sR:2600;\"\n\t\t\t\t\t\t\t\tdata-frame_999=\"o:0;tp:600;e:nothing;st:w;sp:810;sR:6100;\"\n\t\t\t\t\t\t\t\tstyle=\"z-index:6;font-family:'Roboto';\"\n\t\t\t\t\t\t\t> \n\t\t\t\t\t\t\t<\/rs-layer><!--\n-->\t\t\t\t\t<\/rs-slide>\n\t\t\t\t\t<\/rs-slides>\n\t\t\t\t<\/rs-module>\n\t\t\t\t<script>\n\t\t\t\t\tsetREVStartSize({c: 'rev_slider_26_1',rl:[1240,1024,778,778],el:[],gw:[1150,1000,600,600],gh:[200,200,200,200],type:'hero',justify:'',layout:'fullwidth',mh:\"0\"});if (window.RS_MODULES!==undefined && window.RS_MODULES.modules!==undefined && window.RS_MODULES.modules[\"revslider261\"]!==undefined) {window.RS_MODULES.modules[\"revslider261\"].once = false;window.revapi26 = undefined;if (window.RS_MODULES.checkMinimal!==undefined) window.RS_MODULES.checkMinimal()}\n\t\t\t\t<\/script>\n\t\t\t<\/rs-module-wrap>\n\t\t\t<!-- END REVOLUTION SLIDER -->\n[\/vc_column][\/vc_row][vc_row][vc_column]<div id=\"ultimate-heading-717369d4c9e6a22a7\" class=\"uvc-heading ult-adjust-bottom-margin ultimate-heading-717369d4c9e6a22a7 uvc-786  uvc-heading-default-font-sizes\" data-hspacer=\"line_only\"  data-halign=\"left\" style=\"text-align:left\"><div class=\"uvc-main-heading ult-responsive\"  data-ultimate-target='.uvc-heading.ultimate-heading-717369d4c9e6a22a7 h2'  data-responsive-json-new='{\"font-size\":\"\",\"line-height\":\"\"}' ><h2 style=\"font-family:&#039;Exo&#039;;font-weight:300;\">Juan Jos\u00e9 L\u00f3pez-Ibor Awards<\/h2><\/div><div class=\"uvc-heading-spacer line_only\" style=\"topheight:1px;\"><span class=\"uvc-headings-line\" style=\"border-style:solid;border-bottom-width:1px;border-color:#ccc;width:autopx;\"><\/span><\/div><\/div>[\/vc_column][\/vc_row][vc_row][vc_column css=&#8221;.vc_custom_1553691980818{margin-top: 25px !important;}&#8221;][vc_column_text]The Juan Jos\u00e9 L\u00f3pez-Ibor prize is an award on topics related to the dignity of people suffering from mental illness. It will be delivered every two years and created in collaboration with the Lundbeck Foundation.<\/p>\n<p>The Juan J. L\u00f3pez Ibor International Prize consists of a diploma, a sculpture made by Jos\u00e9 Luis S\u00e1nchez specially designed for the prize, and 40,000 Euros for the winner and for an institution that freely decides this, in equal parts.[\/vc_column_text][\/vc_column][\/vc_row][vc_row full_width=&#8221;stretch_row_content&#8221; bg_type=&#8221;bg_color&#8221; bg_override=&#8221;ex-full&#8221; bg_color_value=&#8221;#f2f2f2&#8243; css=&#8221;.vc_custom_1554115996941{padding-top: 30px !important;padding-bottom: 30px !important;}&#8221;][vc_column][vc_custom_heading text=&#8221;Given Awards:&#8221; font_container=&#8221;tag:h2|text_align:center|color:%23000000&#8243; google_fonts=&#8221;font_family:Exo%3A100%2C100italic%2C200%2C200italic%2C300%2C300italic%2Cregular%2Citalic%2C500%2C500italic%2C600%2C600italic%2C700%2C700italic%2C800%2C800italic%2C900%2C900italic|font_style:200%20light%20regular%3A200%3Anormal&#8221;][vc_row_inner css=&#8221;.vc_custom_1554116322650{padding-top: 30px !important;}&#8221;][vc_column_inner width=&#8221;1\/4&#8243;][vc_custom_heading text=&#8221;2008 Award&#8221; font_container=&#8221;tag:h4|text_align:center|color:%23000000&#8243; google_fonts=&#8221;font_family:Exo%3A100%2C100italic%2C200%2C200italic%2C300%2C300italic%2Cregular%2Citalic%2C500%2C500italic%2C600%2C600italic%2C700%2C700italic%2C800%2C800italic%2C900%2C900italic|font_style:200%20light%20regular%3A200%3Anormal&#8221;][\/vc_column_inner][vc_column_inner width=&#8221;1\/4&#8243;][vc_custom_heading text=&#8221;2010 Award&#8221; font_container=&#8221;tag:h4|text_align:center|color:%23000000&#8243; google_fonts=&#8221;font_family:Exo%3A100%2C100italic%2C200%2C200italic%2C300%2C300italic%2Cregular%2Citalic%2C500%2C500italic%2C600%2C600italic%2C700%2C700italic%2C800%2C800italic%2C900%2C900italic|font_style:200%20light%20regular%3A200%3Anormal&#8221;][\/vc_column_inner][vc_column_inner width=&#8221;1\/4&#8243;][vc_custom_heading text=&#8221;2012 Award&#8221; font_container=&#8221;tag:h4|text_align:center|color:%23000000&#8243; google_fonts=&#8221;font_family:Exo%3A100%2C100italic%2C200%2C200italic%2C300%2C300italic%2Cregular%2Citalic%2C500%2C500italic%2C600%2C600italic%2C700%2C700italic%2C800%2C800italic%2C900%2C900italic|font_style:200%20light%20regular%3A200%3Anormal&#8221;][\/vc_column_inner][vc_column_inner width=&#8221;1\/4&#8243;][vc_custom_heading text=&#8221;2014 Award&#8221; font_container=&#8221;tag:h4|text_align:center|color:%23000000&#8243; google_fonts=&#8221;font_family:Exo%3A100%2C100italic%2C200%2C200italic%2C300%2C300italic%2Cregular%2Citalic%2C500%2C500italic%2C600%2C600italic%2C700%2C700italic%2C800%2C800italic%2C900%2C900italic|font_style:200%20light%20regular%3A200%3Anormal&#8221;][\/vc_column_inner][\/vc_row_inner][\/vc_column][\/vc_row][vc_row full_width=&#8221;stretch_row_content&#8221;][vc_column width=&#8221;1\/4&#8243;][vc_column_text]<\/p>\n<p style=\"text-align: center;\">The First Prize (2008) was given to Professor Leon Eisenberg, Professor (&#8220;Presley Professor&#8221;) of Social Medicine of the Department of Social Medicine and Professor Emeritus of Psychiatry, Faculty of Medicine, Harvard University, USA. during a special ceremony at the World Congress of Psychiatry in Prague that took place in September 2008.<\/p>\n<p>[\/vc_column_text][\/vc_column][vc_column width=&#8221;1\/4&#8243;][vc_column_text]<\/p>\n<p style=\"text-align: center;\">The Juan Jos\u00e9 L\u00f3pez-Ibor International Award (2010) was presented to Prof. Jules Angst, Professor Emeritus of Psychiatry at the University of Zurich and Doctor Honoris Causa by the University of Heidelberg, Germany and to Dr. Eyad El-Sarraj, Palestinian Psychiatrist , peace and human rights activist, founder and president of the Gaza Community Mental Health Program, during the International Congress of the World Psychiatric Association held in Cairo in September 2010<\/p>\n<p>[\/vc_column_text][vc_single_image image=&#8221;148&#8243; img_size=&#8221;full&#8221; alignment=&#8221;center&#8221; style=&#8221;vc_box_rounded&#8221; onclick=&#8221;link_image&#8221;][\/vc_column][vc_column width=&#8221;1\/4&#8243;][vc_column_text]<\/p>\n<p style=\"text-align: center;\">The Juan Jos\u00e9 L\u00f3pez-Ibor International Award (2012) was presented to Prof. Srinivasa Murthy, one of the leaders in the development of community mental health programs in India.<\/p>\n<p style=\"text-align: center;\">The amount of the Prize (40,000 \u20ac) went entirely to an Association dedicated to improving the quality of life of people affected by mental disability and their families, thus uniting humanism and mental health care in the second most populated country in the world.<\/p>\n<p style=\"text-align: center;\">It was delivered during the International Congress of the World Psychiatric Association that was held in Prague on October 17-21, 2012.<\/p>\n<p>[\/vc_column_text][vc_single_image image=&#8221;170&#8243; img_size=&#8221;full&#8221; alignment=&#8221;center&#8221; style=&#8221;vc_box_rounded&#8221; onclick=&#8221;link_image&#8221;][\/vc_column][vc_column width=&#8221;1\/4&#8243;][\/vc_column][\/vc_row]<\/p>\n","protected":false},"excerpt":{"rendered":"<p>[vc_row bg_type=&#8221;image&#8221; parallax_style=&#8221;vcpb-vz-jquery&#8221; bg_image_new=&#8221;id^1579|url^http:\/\/www.fundacionlopezibor.es\/wp-content\/uploads\/2019\/04\/premios2010.jpg|caption^null|alt^null|title^premios2010|description^null&#8221; bg_image_repeat=&#8221;no-repeat&#8221; bg_override=&#8221;ex-full&#8221; enable_overlay=&#8221;enable_overlay_value&#8221; overlay_color=&#8221;rgba(255,255,255,0.85)&#8221; overlay_pattern=&#8221;transperant&#8221; seperator_enable=&#8221;seperator_enable_value&#8221; seperator_type=&#8221;tilt_left_seperator&#8221; seperator_position=&#8221;bottom_seperator&#8221; css=&#8221;.vc_custom_1554116460614{margin-top: 0px !important;margin-bottom: 0px !important;border-bottom-width: 0px !important;padding-bottom: 0px !important;}&#8221;][vc_column css=&#8221;.vc_custom_1553774381467{margin-bottom: 0px !important;border-bottom-width: 0px !important;padding-bottom: 0px !important;}&#8221;][\/vc_column][\/vc_row][vc_row][vc_column][\/vc_column][\/vc_row][vc_row][vc_column css=&#8221;.vc_custom_1553691980818{margin-top: 25px !important;}&#8221;][vc_column_text]The Juan Jos\u00e9 L\u00f3pez-Ibor prize is an award on topics related to the dignity of people suffering from mental illness. It will be delivered every&hellip;<\/p>\n","protected":false},"author":1,"featured_media":0,"parent":0,"menu_order":0,"comment_status":"closed","ping_status":"closed","template":"","meta":{"footnotes":""},"class_list":["post-1854","page","type-page","status-publish","hentry","description-off"],"yoast_head":"<!-- This site is optimized with the Yoast SEO plugin v27.0 - https:\/\/yoast.com\/product\/yoast-seo-wordpress\/ -->\n<title>Juan Jos\u00e9 L\u00f3pez-Ibor Awards - Fundacion Juan Jos\u00e9 L\u00f3pez-Ibor<\/title>\n<meta name=\"robots\" content=\"index, follow, max-snippet:-1, max-image-preview:large, max-video-preview:-1\" \/>\n<link rel=\"canonical\" href=\"https:\/\/www.fundacionlopezibor.es\/en\/juan-jose-lopez-ibor-awards\/\" \/>\n<meta property=\"og:locale\" content=\"en_US\" \/>\n<meta property=\"og:type\" content=\"article\" \/>\n<meta property=\"og:title\" content=\"Juan Jos\u00e9 L\u00f3pez-Ibor Awards - Fundacion Juan Jos\u00e9 L\u00f3pez-Ibor\" \/>\n<meta property=\"og:description\" content=\"[vc_row bg_type=&#8221;image&#8221; parallax_style=&#8221;vcpb-vz-jquery&#8221; bg_image_new=&#8221;id^1579|url^http:\/\/www.fundacionlopezibor.es\/wp-content\/uploads\/2019\/04\/premios2010.jpg|caption^null|alt^null|title^premios2010|description^null&#8221; bg_image_repeat=&#8221;no-repeat&#8221; bg_override=&#8221;ex-full&#8221; enable_overlay=&#8221;enable_overlay_value&#8221; overlay_color=&#8221;rgba(255,255,255,0.85)&#8221; overlay_pattern=&#8221;transperant&#8221; seperator_enable=&#8221;seperator_enable_value&#8221; seperator_type=&#8221;tilt_left_seperator&#8221; seperator_position=&#8221;bottom_seperator&#8221; css=&#8221;.vc_custom_1554116460614{margin-top: 0px !important;margin-bottom: 0px !important;border-bottom-width: 0px !important;padding-bottom: 0px !important;}&#8221;][vc_column css=&#8221;.vc_custom_1553774381467{margin-bottom: 0px !important;border-bottom-width: 0px !important;padding-bottom: 0px !important;}&#8221;][\/vc_column][\/vc_row][vc_row][vc_column][\/vc_column][\/vc_row][vc_row][vc_column css=&#8221;.vc_custom_1553691980818{margin-top: 25px !important;}&#8221;][vc_column_text]The Juan Jos\u00e9 L\u00f3pez-Ibor prize is an award on topics related to the dignity of people suffering from mental illness. It will be delivered every&hellip;\" \/>\n<meta property=\"og:url\" content=\"https:\/\/www.fundacionlopezibor.es\/en\/juan-jose-lopez-ibor-awards\/\" \/>\n<meta property=\"og:site_name\" content=\"Fundacion Juan Jos\u00e9 L\u00f3pez-Ibor\" \/>\n<meta property=\"article:modified_time\" content=\"2019-07-22T08:00:14+00:00\" \/>\n<meta name=\"twitter:card\" content=\"summary_large_image\" \/>\n<meta name=\"twitter:label1\" content=\"Est. reading time\" \/>\n\t<meta name=\"twitter:data1\" content=\"4 minutes\" \/>\n<script type=\"application\/ld+json\" class=\"yoast-schema-graph\">{\"@context\":\"https:\/\/schema.org\",\"@graph\":[{\"@type\":\"WebPage\",\"@id\":\"https:\/\/www.fundacionlopezibor.es\/en\/juan-jose-lopez-ibor-awards\/\",\"url\":\"https:\/\/www.fundacionlopezibor.es\/en\/juan-jose-lopez-ibor-awards\/\",\"name\":\"Juan Jos\u00e9 L\u00f3pez-Ibor Awards - Fundacion Juan Jos\u00e9 L\u00f3pez-Ibor\",\"isPartOf\":{\"@id\":\"https:\/\/www.fundacionlopezibor.es\/#website\"},\"datePublished\":\"2019-07-18T10:12:12+00:00\",\"dateModified\":\"2019-07-22T08:00:14+00:00\",\"breadcrumb\":{\"@id\":\"https:\/\/www.fundacionlopezibor.es\/en\/juan-jose-lopez-ibor-awards\/#breadcrumb\"},\"inLanguage\":\"en-US\",\"potentialAction\":[{\"@type\":\"ReadAction\",\"target\":[\"https:\/\/www.fundacionlopezibor.es\/en\/juan-jose-lopez-ibor-awards\/\"]}]},{\"@type\":\"BreadcrumbList\",\"@id\":\"https:\/\/www.fundacionlopezibor.es\/en\/juan-jose-lopez-ibor-awards\/#breadcrumb\",\"itemListElement\":[{\"@type\":\"ListItem\",\"position\":1,\"name\":\"Portada\",\"item\":\"https:\/\/www.fundacionlopezibor.es\/en\/\"},{\"@type\":\"ListItem\",\"position\":2,\"name\":\"Juan Jos\u00e9 L\u00f3pez-Ibor Awards\"}]},{\"@type\":\"WebSite\",\"@id\":\"https:\/\/www.fundacionlopezibor.es\/#website\",\"url\":\"https:\/\/www.fundacionlopezibor.es\/\",\"name\":\"Fundacion Juan Jos\u00e9 L\u00f3pez-Ibor\",\"description\":\"\",\"publisher\":{\"@id\":\"https:\/\/www.fundacionlopezibor.es\/#organization\"},\"potentialAction\":[{\"@type\":\"SearchAction\",\"target\":{\"@type\":\"EntryPoint\",\"urlTemplate\":\"https:\/\/www.fundacionlopezibor.es\/?s={search_term_string}\"},\"query-input\":{\"@type\":\"PropertyValueSpecification\",\"valueRequired\":true,\"valueName\":\"search_term_string\"}}],\"inLanguage\":\"en-US\"},{\"@type\":\"Organization\",\"@id\":\"https:\/\/www.fundacionlopezibor.es\/#organization\",\"name\":\"Fundaci\u00f3n Juan Jos\u00e9 L\u00f3pez-Ibor\",\"url\":\"https:\/\/www.fundacionlopezibor.es\/\",\"logo\":{\"@type\":\"ImageObject\",\"inLanguage\":\"en-US\",\"@id\":\"https:\/\/www.fundacionlopezibor.es\/#\/schema\/logo\/image\/\",\"url\":\"https:\/\/www.fundacionlopezibor.es\/wp-content\/uploads\/2019\/06\/logo.png\",\"contentUrl\":\"https:\/\/www.fundacionlopezibor.es\/wp-content\/uploads\/2019\/06\/logo.png\",\"width\":5635,\"height\":1069,\"caption\":\"Fundaci\u00f3n Juan Jos\u00e9 L\u00f3pez-Ibor\"},\"image\":{\"@id\":\"https:\/\/www.fundacionlopezibor.es\/#\/schema\/logo\/image\/\"},\"sameAs\":[\"https:\/\/es.linkedin.com\/company\/fundacin-juan-jos-lpez-ibor\"]}]}<\/script>\n<!-- \/ Yoast SEO plugin. -->","yoast_head_json":{"title":"Juan Jos\u00e9 L\u00f3pez-Ibor Awards - Fundacion Juan Jos\u00e9 L\u00f3pez-Ibor","robots":{"index":"index","follow":"follow","max-snippet":"max-snippet:-1","max-image-preview":"max-image-preview:large","max-video-preview":"max-video-preview:-1"},"canonical":"https:\/\/www.fundacionlopezibor.es\/en\/juan-jose-lopez-ibor-awards\/","og_locale":"en_US","og_type":"article","og_title":"Juan Jos\u00e9 L\u00f3pez-Ibor Awards - Fundacion Juan Jos\u00e9 L\u00f3pez-Ibor","og_description":"[vc_row bg_type=&#8221;image&#8221; parallax_style=&#8221;vcpb-vz-jquery&#8221; bg_image_new=&#8221;id^1579|url^http:\/\/www.fundacionlopezibor.es\/wp-content\/uploads\/2019\/04\/premios2010.jpg|caption^null|alt^null|title^premios2010|description^null&#8221; bg_image_repeat=&#8221;no-repeat&#8221; bg_override=&#8221;ex-full&#8221; enable_overlay=&#8221;enable_overlay_value&#8221; overlay_color=&#8221;rgba(255,255,255,0.85)&#8221; overlay_pattern=&#8221;transperant&#8221; seperator_enable=&#8221;seperator_enable_value&#8221; seperator_type=&#8221;tilt_left_seperator&#8221; seperator_position=&#8221;bottom_seperator&#8221; css=&#8221;.vc_custom_1554116460614{margin-top: 0px !important;margin-bottom: 0px !important;border-bottom-width: 0px !important;padding-bottom: 0px !important;}&#8221;][vc_column css=&#8221;.vc_custom_1553774381467{margin-bottom: 0px !important;border-bottom-width: 0px !important;padding-bottom: 0px !important;}&#8221;][\/vc_column][\/vc_row][vc_row][vc_column][\/vc_column][\/vc_row][vc_row][vc_column css=&#8221;.vc_custom_1553691980818{margin-top: 25px !important;}&#8221;][vc_column_text]The Juan Jos\u00e9 L\u00f3pez-Ibor prize is an award on topics related to the dignity of people suffering from mental illness. It will be delivered every&hellip;","og_url":"https:\/\/www.fundacionlopezibor.es\/en\/juan-jose-lopez-ibor-awards\/","og_site_name":"Fundacion Juan Jos\u00e9 L\u00f3pez-Ibor","article_modified_time":"2019-07-22T08:00:14+00:00","twitter_card":"summary_large_image","twitter_misc":{"Est. reading time":"4 minutes"},"schema":{"@context":"https:\/\/schema.org","@graph":[{"@type":"WebPage","@id":"https:\/\/www.fundacionlopezibor.es\/en\/juan-jose-lopez-ibor-awards\/","url":"https:\/\/www.fundacionlopezibor.es\/en\/juan-jose-lopez-ibor-awards\/","name":"Juan Jos\u00e9 L\u00f3pez-Ibor Awards - Fundacion Juan Jos\u00e9 L\u00f3pez-Ibor","isPartOf":{"@id":"https:\/\/www.fundacionlopezibor.es\/#website"},"datePublished":"2019-07-18T10:12:12+00:00","dateModified":"2019-07-22T08:00:14+00:00","breadcrumb":{"@id":"https:\/\/www.fundacionlopezibor.es\/en\/juan-jose-lopez-ibor-awards\/#breadcrumb"},"inLanguage":"en-US","potentialAction":[{"@type":"ReadAction","target":["https:\/\/www.fundacionlopezibor.es\/en\/juan-jose-lopez-ibor-awards\/"]}]},{"@type":"BreadcrumbList","@id":"https:\/\/www.fundacionlopezibor.es\/en\/juan-jose-lopez-ibor-awards\/#breadcrumb","itemListElement":[{"@type":"ListItem","position":1,"name":"Portada","item":"https:\/\/www.fundacionlopezibor.es\/en\/"},{"@type":"ListItem","position":2,"name":"Juan Jos\u00e9 L\u00f3pez-Ibor Awards"}]},{"@type":"WebSite","@id":"https:\/\/www.fundacionlopezibor.es\/#website","url":"https:\/\/www.fundacionlopezibor.es\/","name":"Fundacion Juan Jos\u00e9 L\u00f3pez-Ibor","description":"","publisher":{"@id":"https:\/\/www.fundacionlopezibor.es\/#organization"},"potentialAction":[{"@type":"SearchAction","target":{"@type":"EntryPoint","urlTemplate":"https:\/\/www.fundacionlopezibor.es\/?s={search_term_string}"},"query-input":{"@type":"PropertyValueSpecification","valueRequired":true,"valueName":"search_term_string"}}],"inLanguage":"en-US"},{"@type":"Organization","@id":"https:\/\/www.fundacionlopezibor.es\/#organization","name":"Fundaci\u00f3n Juan Jos\u00e9 L\u00f3pez-Ibor","url":"https:\/\/www.fundacionlopezibor.es\/","logo":{"@type":"ImageObject","inLanguage":"en-US","@id":"https:\/\/www.fundacionlopezibor.es\/#\/schema\/logo\/image\/","url":"https:\/\/www.fundacionlopezibor.es\/wp-content\/uploads\/2019\/06\/logo.png","contentUrl":"https:\/\/www.fundacionlopezibor.es\/wp-content\/uploads\/2019\/06\/logo.png","width":5635,"height":1069,"caption":"Fundaci\u00f3n Juan Jos\u00e9 L\u00f3pez-Ibor"},"image":{"@id":"https:\/\/www.fundacionlopezibor.es\/#\/schema\/logo\/image\/"},"sameAs":["https:\/\/es.linkedin.com\/company\/fundacin-juan-jos-lpez-ibor"]}]}},"_links":{"self":[{"href":"https:\/\/www.fundacionlopezibor.es\/en\/wp-json\/wp\/v2\/pages\/1854\/"}],"collection":[{"href":"https:\/\/www.fundacionlopezibor.es\/en\/wp-json\/wp\/v2\/pages\/"}],"about":[{"href":"https:\/\/www.fundacionlopezibor.es\/en\/wp-json\/wp\/v2\/types\/page\/"}],"author":[{"embeddable":true,"href":"https:\/\/www.fundacionlopezibor.es\/en\/wp-json\/wp\/v2\/users\/1\/"}],"replies":[{"embeddable":true,"href":"https:\/\/www.fundacionlopezibor.es\/en\/wp-json\/wp\/v2\/comments\/?post=1854"}],"version-history":[{"count":0,"href":"https:\/\/www.fundacionlopezibor.es\/en\/wp-json\/wp\/v2\/pages\/1854\/revisions\/"}],"wp:attachment":[{"href":"https:\/\/www.fundacionlopezibor.es\/en\/wp-json\/wp\/v2\/media\/?parent=1854"}],"curies":[{"name":"wp","href":"https:\/\/api.w.org\/{rel}","templated":true}]}}