{"id":1865,"date":"2019-07-18T10:20:42","date_gmt":"2019-07-18T10:20:42","guid":{"rendered":"https:\/\/www.fundacionlopezibor.es\/?page_id=1865"},"modified":"2019-07-22T07:13:36","modified_gmt":"2019-07-22T07:13:36","slug":"board-of-trustees","status":"publish","type":"page","link":"https:\/\/www.fundacionlopezibor.es\/en\/who-are-we\/board-of-trustees\/","title":{"rendered":"Board of Trustees"},"content":{"rendered":"<p>[vc_row bg_type=&#8221;image&#8221; parallax_style=&#8221;vcpb-vz-jquery&#8221; bg_image_new=&#8221;id^1343|url^http:\/\/www.fundacionlopezibor.es\/wp-content\/uploads\/2019\/03\/people-3152585_1920-1.jpg|caption^null|alt^null|title^people-3152585_1920|description^null&#8221; bg_image_repeat=&#8221;no-repeat&#8221; bg_override=&#8221;ex-full&#8221; enable_overlay=&#8221;enable_overlay_value&#8221; overlay_color=&#8221;rgba(255,255,255,0.85)&#8221; overlay_pattern=&#8221;transperant&#8221; seperator_enable=&#8221;seperator_enable_value&#8221; seperator_type=&#8221;tilt_left_seperator&#8221; seperator_position=&#8221;bottom_seperator&#8221; css=&#8221;.vc_custom_1553849526911{margin-top: 0px !important;margin-bottom: 0px !important;border-bottom-width: 0px !important;padding-bottom: 0px !important;}&#8221;][vc_column css=&#8221;.vc_custom_1553774381467{margin-bottom: 0px !important;border-bottom-width: 0px !important;padding-bottom: 0px !important;}&#8221;]\n\t\t\t<!-- START patronatoen REVOLUTION SLIDER 6.7.38 --><p class=\"rs-p-wp-fix\"><\/p>\n\t\t\t<rs-module-wrap id=\"rev_slider_23_1_wrapper\" data-source=\"gallery\" style=\"visibility:hidden;background:#;padding:0;margin:0px auto;margin-top:0;margin-bottom:0;\">\n\t\t\t\t<rs-module id=\"rev_slider_23_1\" style=\"\" data-version=\"6.7.38\">\n\t\t\t\t\t<rs-slides style=\"overflow: hidden; position: absolute;\">\n\t\t\t\t\t\t<rs-slide style=\"position: absolute;\" data-key=\"rs-35\" data-title=\"Slide\" data-duration=\"9700\" data-anim=\"adpr:false;\">\n\t\t\t\t\t\t\t<img decoding=\"async\" src=\"\/\/www.fundacionlopezibor.es\/wp-content\/plugins\/revslider\/sr6\/assets\/assets\/dummy.png\" alt=\"Slide\" title=\"Board of Trustees\" class=\"rev-slidebg tp-rs-img rs-lazyload\" data-lazyload=\"\/\/www.fundacionlopezibor.es\/wp-content\/plugins\/revslider\/sr6\/assets\/assets\/transparent.png\" data-no-retina>\n<!--\n\t\t\t\t\t\t\t--><rs-layer\n\t\t\t\t\t\t\t\tid=\"slider-23-slide-35-layer-4\" \n\t\t\t\t\t\t\t\tdata-type=\"text\"\n\t\t\t\t\t\t\t\tdata-color=\"#7f7f7f\"\n\t\t\t\t\t\t\t\tdata-rsp_ch=\"on\"\n\t\t\t\t\t\t\t\tdata-xy=\"x:l,l,c,c;xo:42px,23px,-140px,-140px;y:m;yo:34px,54px,54px,54px;\"\n\t\t\t\t\t\t\t\tdata-text=\"s:50,50,30,30;l:160,160,110,110;fw:200;\"\n\t\t\t\t\t\t\t\tdata-frame_0=\"x:175%;o:1;tp:600;\"\n\t\t\t\t\t\t\t\tdata-frame_0_mask=\"u:t;x:-100%;\"\n\t\t\t\t\t\t\t\tdata-frame_1=\"tp:600;e:power3.out;st:900;sp:1700;sR:900;\"\n\t\t\t\t\t\t\t\tdata-frame_1_mask=\"u:t;\"\n\t\t\t\t\t\t\t\tdata-frame_999=\"o:0;tp:600;e:nothing;st:w;sp:670;sR:7100;\"\n\t\t\t\t\t\t\t\tstyle=\"z-index:5;font-family:'Oswald';\"\n\t\t\t\t\t\t\t>BOARD OF TRUSTEES \n\t\t\t\t\t\t\t<\/rs-layer><!--\n\n\t\t\t\t\t\t\t--><rs-layer\n\t\t\t\t\t\t\t\tid=\"slider-23-slide-35-layer-12\" \n\t\t\t\t\t\t\t\tdata-type=\"text\"\n\t\t\t\t\t\t\t\tdata-color=\"rgba(255, 255, 255, 1)\"\n\t\t\t\t\t\t\t\tdata-rsp_ch=\"on\"\n\t\t\t\t\t\t\t\tdata-xy=\"x:r,r,c,c;xo:24px,24px,0,24px;y:m;yo:170px,170px,200px,200px;\"\n\t\t\t\t\t\t\t\tdata-text=\"w:normal;s:17,17,22,22;l:26,26,31,31;fw:500;a:center;\"\n\t\t\t\t\t\t\t\tdata-dim=\"w:280px,280px,400px,400px;h:70px,70px,90px,90px;\"\n\t\t\t\t\t\t\t\tdata-frame_0=\"y:-30px;tp:600;\"\n\t\t\t\t\t\t\t\tdata-frame_1=\"tp:600;e:power2.inOut;st:2600;sp:1000;sR:2600;\"\n\t\t\t\t\t\t\t\tdata-frame_999=\"o:0;tp:600;e:nothing;st:w;sp:810;sR:6100;\"\n\t\t\t\t\t\t\t\tstyle=\"z-index:6;font-family:'Roboto';\"\n\t\t\t\t\t\t\t> \n\t\t\t\t\t\t\t<\/rs-layer><!--\n-->\t\t\t\t\t<\/rs-slide>\n\t\t\t\t\t<\/rs-slides>\n\t\t\t\t<\/rs-module>\n\t\t\t\t<script>\n\t\t\t\t\tsetREVStartSize({c: 'rev_slider_23_1',rl:[1240,1024,778,778],el:[],gw:[1150,1000,600,600],gh:[200,200,200,200],type:'hero',justify:'',layout:'fullwidth',mh:\"0\"});if (window.RS_MODULES!==undefined && window.RS_MODULES.modules!==undefined && window.RS_MODULES.modules[\"revslider231\"]!==undefined) {window.RS_MODULES.modules[\"revslider231\"].once = false;window.revapi23 = undefined;if (window.RS_MODULES.checkMinimal!==undefined) window.RS_MODULES.checkMinimal()}\n\t\t\t\t<\/script>\n\t\t\t<\/rs-module-wrap>\n\t\t\t<!-- END REVOLUTION SLIDER -->\n[\/vc_column][\/vc_row][vc_row][vc_column]<div id=\"ultimate-heading-686a07cf4527b3b\" class=\"uvc-heading ult-adjust-bottom-margin ultimate-heading-686a07cf4527b3b uvc-3035  uvc-heading-default-font-sizes\" data-hspacer=\"line_only\"  data-halign=\"left\" style=\"text-align:left\"><div class=\"uvc-main-heading ult-responsive\"  data-ultimate-target='.uvc-heading.ultimate-heading-686a07cf4527b3b h2'  data-responsive-json-new='{\"font-size\":\"\",\"line-height\":\"\"}' ><h2 style=\"font-family:&#039;Exo&#039;;font-weight:300;\">Board<\/h2><\/div><div class=\"uvc-heading-spacer line_only\" style=\"topheight:1px;\"><span class=\"uvc-headings-line\" style=\"border-style:solid;border-bottom-width:1px;border-color:#ccc;width:autopx;\"><\/span><\/div><\/div>[\/vc_column][\/vc_row][vc_row][vc_column css=&#8221;.vc_custom_1553691980818{margin-top: 25px !important;}&#8221;][vc_column_text]<\/p>\n<ul>\n<li><strong>M\u00aa In\u00e9s L\u00f3pez-Ibor de Alcocer<\/strong>. Professor of Psychiatry, Legal Medicine, Psychiatry and Pathology of the Faculty of Medicine Complutense \u00a0University Madrid. Member of the Executive Committee of the World Psychiatry Association psychiatry. Correspondent Member \u00a0of the Spanish Royal Academy of Medicinel and the Royal Academy of Spanish Postgraduates. Was Medical Director ,\u00a0 of the Lop\u00e9z-Ibor Clinic. <a href=\"http:\/\/www.fundacionlopezibor.es\/wp-content\/uploads\/2019\/05\/CV-Mar\u00eda-Ines-Lopez-Ibor-Alcocer.pdf\">Ver CV.<\/a><\/li>\n<li><strong>Cristina L\u00f3pez-Ibor de Alcocer<\/strong>. Vice president, secretary, doctor, coordinator of the Spanish association against Cancer. Planning director of strategy and patient care of the L\u00f3pez-Ibor Clinic.<\/li>\n<li><strong>Hagop S. Akiskal<\/strong>. Teacher in Psychiatry and director of the international mood center. Department of Psychiatry. University of California, San Diego, EE.UU.<\/li>\n<li><strong>Jorge Alberto Costa e Silva<\/strong>. Professor of Psychiatry \u00a0of the Catholic University of Rio de Janeiro (PUC) and in the \u00a0Souza Marques \u2013 Rio de Janeiro faculty of Medicine. Member of the Council of the AMP, the Association of ex-Directors of the WHO, Member of the International Council for Global Health Programs (UNESCO). President of the Brazilian of the Brain Institute and Senior Scientific of the International Committee against the Mental Diseases (ICAMI) and New York (EE. UU).<\/li>\n<li><strong>Juan Jos\u00e9 L\u00f3pez-Ibor de Alcocer<\/strong>. Global Health Partner. EX CEO and Ex-President of the L\u00f3pez-Ibor Council. <a href=\"http:\/\/www.fundacionlopezibor.es\/wp-content\/uploads\/2019\/05\/CV-JuanJ-Lopez-Ibor.pdf\">Ver CV.<\/a><\/li>\n<li><strong>Jaime L\u00f3pez-Ibor de Alcocer<\/strong>. Bankinter Independent Banker and Senior Advisor KPMG Department of Real State.<\/li>\n<li><strong>Hans-J\u00fcrgen M\u00f6ller<\/strong>. Professor Emeritus and Head of the Department of Psychiatry. Director of the Psychiatric Clinic of the Ludwig-Maximilian University of Munich, Germany. <a href=\"http:\/\/www.fundacionlopezibor.es\/wp-content\/uploads\/2019\/05\/CV-Hans-J\u00fcrgen-M\u00f6ller.pdf\">Ver CV.<\/a><\/li>\n<li><strong>Driss\u00a0Moussaoui<\/strong>. Professor, Department of Psychiatry of Casablanca (1979-2013). Director, WHO Collaborating Center on Mental Health (1992-2013). President of the World Association of Social Psychiatry (2010-2013) and Zone Representative of the World Association of Psychiatry for North Africa. <a href=\"http:\/\/www.fundacionlopezibor.es\/wp-content\/uploads\/2019\/05\/CV-Driss-Moussaoui.pdf\">\u00a0Ver CV.<\/a><\/li>\n<li><strong>Ahmed Okasha<\/strong>. D., PhD, F.R.C.P., F.R.C., Psych., F.A.C.P (Hon.) Director of WHO Collaborating Center For Research and Training in Mental Health. Okasha institute of Psychiatry, Ain Shams University. President Egyptian Psychiatric Association. Hon. President Arab Federation of Psychiatrists. President of WPA (2002-2005). Member of WPA Council. <a href=\"http:\/\/www.fundacionlopezibor.es\/wp-content\/uploads\/2019\/05\/CV-Ahmed-Okasha.pdf\">Ver CV.<\/a><\/li>\n<li><strong>Pedro Ru\u00edz<\/strong>. Professor and &#8220;Executive Vice Chair&#8221;, Department of Psychiatry and Behavioral Sciences, University of Miami, Miller School of Medicine, Miami, Florida, USA. Former President of the World Psychiatric Association. <a href=\"http:\/\/www.fundacionlopezibor.es\/wp-content\/uploads\/2019\/05\/CV-Pedro-Ruiz.pdf\">Ver CV.<\/a><\/li>\n<li><strong>Norman Sartorius<\/strong>. President, International Association for the Improvement of Mental Health Programs. Ex- President of the World Psychiatric Association. Member of the Board of the AMP. EX- Director of the Division of Mental Health of the O.M.S .; Former President of the AMP and the EPA.<\/li>\n<li><strong>Vincent Masetti<\/strong>. National Medical Coordinator of the Psychiatric Clinics of the Orpea Clinea Group. <a href=\"http:\/\/www.fundacionlopezibor.es\/wp-content\/uploads\/2019\/05\/CV-Vincent-Masetti.pdf\">Ver CV.<\/a><\/li>\n<\/ul>\n<p>[\/vc_column_text][\/vc_column][\/vc_row]<\/p>\n","protected":false},"excerpt":{"rendered":"<p>[vc_row bg_type=&#8221;image&#8221; parallax_style=&#8221;vcpb-vz-jquery&#8221; bg_image_new=&#8221;id^1343|url^http:\/\/www.fundacionlopezibor.es\/wp-content\/uploads\/2019\/03\/people-3152585_1920-1.jpg|caption^null|alt^null|title^people-3152585_1920|description^null&#8221; bg_image_repeat=&#8221;no-repeat&#8221; bg_override=&#8221;ex-full&#8221; enable_overlay=&#8221;enable_overlay_value&#8221; overlay_color=&#8221;rgba(255,255,255,0.85)&#8221; overlay_pattern=&#8221;transperant&#8221; seperator_enable=&#8221;seperator_enable_value&#8221; seperator_type=&#8221;tilt_left_seperator&#8221; seperator_position=&#8221;bottom_seperator&#8221; css=&#8221;.vc_custom_1553849526911{margin-top: 0px !important;margin-bottom: 0px !important;border-bottom-width: 0px !important;padding-bottom: 0px !important;}&#8221;][vc_column css=&#8221;.vc_custom_1553774381467{margin-bottom: 0px !important;border-bottom-width: 0px !important;padding-bottom: 0px !important;}&#8221;][\/vc_column][\/vc_row][vc_row][vc_column][\/vc_column][\/vc_row][vc_row][vc_column css=&#8221;.vc_custom_1553691980818{margin-top: 25px !important;}&#8221;][vc_column_text] M\u00aa In\u00e9s L\u00f3pez-Ibor de Alcocer. Professor of Psychiatry, Legal Medicine, Psychiatry and Pathology of the Faculty of Medicine Complutense \u00a0University Madrid. Member of the&hellip;<\/p>\n","protected":false},"author":1,"featured_media":0,"parent":1857,"menu_order":0,"comment_status":"closed","ping_status":"closed","template":"","meta":{"footnotes":""},"class_list":["post-1865","page","type-page","status-publish","hentry","description-off"],"yoast_head":"<!-- This site is optimized with the Yoast SEO plugin v27.3 - https:\/\/yoast.com\/product\/yoast-seo-wordpress\/ -->\n<title>Board of Trustees - Fundacion Juan Jos\u00e9 L\u00f3pez-Ibor<\/title>\n<meta name=\"robots\" content=\"index, follow, max-snippet:-1, max-image-preview:large, max-video-preview:-1\" \/>\n<link rel=\"canonical\" href=\"https:\/\/www.fundacionlopezibor.es\/en\/who-are-we\/board-of-trustees\/\" \/>\n<meta property=\"og:locale\" content=\"en_US\" \/>\n<meta property=\"og:type\" content=\"article\" \/>\n<meta property=\"og:title\" content=\"Board of Trustees - Fundacion Juan Jos\u00e9 L\u00f3pez-Ibor\" \/>\n<meta property=\"og:description\" content=\"[vc_row bg_type=&#8221;image&#8221; parallax_style=&#8221;vcpb-vz-jquery&#8221; bg_image_new=&#8221;id^1343|url^http:\/\/www.fundacionlopezibor.es\/wp-content\/uploads\/2019\/03\/people-3152585_1920-1.jpg|caption^null|alt^null|title^people-3152585_1920|description^null&#8221; bg_image_repeat=&#8221;no-repeat&#8221; bg_override=&#8221;ex-full&#8221; enable_overlay=&#8221;enable_overlay_value&#8221; overlay_color=&#8221;rgba(255,255,255,0.85)&#8221; overlay_pattern=&#8221;transperant&#8221; seperator_enable=&#8221;seperator_enable_value&#8221; seperator_type=&#8221;tilt_left_seperator&#8221; seperator_position=&#8221;bottom_seperator&#8221; css=&#8221;.vc_custom_1553849526911{margin-top: 0px !important;margin-bottom: 0px !important;border-bottom-width: 0px !important;padding-bottom: 0px !important;}&#8221;][vc_column css=&#8221;.vc_custom_1553774381467{margin-bottom: 0px !important;border-bottom-width: 0px !important;padding-bottom: 0px !important;}&#8221;][\/vc_column][\/vc_row][vc_row][vc_column][\/vc_column][\/vc_row][vc_row][vc_column css=&#8221;.vc_custom_1553691980818{margin-top: 25px !important;}&#8221;][vc_column_text] M\u00aa In\u00e9s L\u00f3pez-Ibor de Alcocer. Professor of Psychiatry, Legal Medicine, Psychiatry and Pathology of the Faculty of Medicine Complutense \u00a0University Madrid. Member of the&hellip;\" \/>\n<meta property=\"og:url\" content=\"https:\/\/www.fundacionlopezibor.es\/en\/who-are-we\/board-of-trustees\/\" \/>\n<meta property=\"og:site_name\" content=\"Fundacion Juan Jos\u00e9 L\u00f3pez-Ibor\" \/>\n<meta property=\"article:modified_time\" content=\"2019-07-22T07:13:36+00:00\" \/>\n<meta name=\"twitter:card\" content=\"summary_large_image\" \/>\n<meta name=\"twitter:label1\" content=\"Est. reading time\" \/>\n\t<meta name=\"twitter:data1\" content=\"3 minutes\" \/>\n<script type=\"application\/ld+json\" class=\"yoast-schema-graph\">{\"@context\":\"https:\\\/\\\/schema.org\",\"@graph\":[{\"@type\":\"WebPage\",\"@id\":\"https:\\\/\\\/www.fundacionlopezibor.es\\\/en\\\/who-are-we\\\/board-of-trustees\\\/\",\"url\":\"https:\\\/\\\/www.fundacionlopezibor.es\\\/en\\\/who-are-we\\\/board-of-trustees\\\/\",\"name\":\"Board of Trustees - Fundacion Juan Jos\u00e9 L\u00f3pez-Ibor\",\"isPartOf\":{\"@id\":\"https:\\\/\\\/www.fundacionlopezibor.es\\\/#website\"},\"datePublished\":\"2019-07-18T10:20:42+00:00\",\"dateModified\":\"2019-07-22T07:13:36+00:00\",\"breadcrumb\":{\"@id\":\"https:\\\/\\\/www.fundacionlopezibor.es\\\/en\\\/who-are-we\\\/board-of-trustees\\\/#breadcrumb\"},\"inLanguage\":\"en-US\",\"potentialAction\":[{\"@type\":\"ReadAction\",\"target\":[\"https:\\\/\\\/www.fundacionlopezibor.es\\\/en\\\/who-are-we\\\/board-of-trustees\\\/\"]}]},{\"@type\":\"BreadcrumbList\",\"@id\":\"https:\\\/\\\/www.fundacionlopezibor.es\\\/en\\\/who-are-we\\\/board-of-trustees\\\/#breadcrumb\",\"itemListElement\":[{\"@type\":\"ListItem\",\"position\":1,\"name\":\"Portada\",\"item\":\"https:\\\/\\\/www.fundacionlopezibor.es\\\/en\\\/\"},{\"@type\":\"ListItem\",\"position\":2,\"name\":\"Who are we\",\"item\":\"https:\\\/\\\/www.fundacionlopezibor.es\\\/en\\\/who-are-we\\\/\"},{\"@type\":\"ListItem\",\"position\":3,\"name\":\"Board of Trustees\"}]},{\"@type\":\"WebSite\",\"@id\":\"https:\\\/\\\/www.fundacionlopezibor.es\\\/#website\",\"url\":\"https:\\\/\\\/www.fundacionlopezibor.es\\\/\",\"name\":\"Fundacion Juan Jos\u00e9 L\u00f3pez-Ibor\",\"description\":\"\",\"publisher\":{\"@id\":\"https:\\\/\\\/www.fundacionlopezibor.es\\\/#organization\"},\"potentialAction\":[{\"@type\":\"SearchAction\",\"target\":{\"@type\":\"EntryPoint\",\"urlTemplate\":\"https:\\\/\\\/www.fundacionlopezibor.es\\\/?s={search_term_string}\"},\"query-input\":{\"@type\":\"PropertyValueSpecification\",\"valueRequired\":true,\"valueName\":\"search_term_string\"}}],\"inLanguage\":\"en-US\"},{\"@type\":\"Organization\",\"@id\":\"https:\\\/\\\/www.fundacionlopezibor.es\\\/#organization\",\"name\":\"Fundaci\u00f3n Juan Jos\u00e9 L\u00f3pez-Ibor\",\"url\":\"https:\\\/\\\/www.fundacionlopezibor.es\\\/\",\"logo\":{\"@type\":\"ImageObject\",\"inLanguage\":\"en-US\",\"@id\":\"https:\\\/\\\/www.fundacionlopezibor.es\\\/#\\\/schema\\\/logo\\\/image\\\/\",\"url\":\"https:\\\/\\\/www.fundacionlopezibor.es\\\/wp-content\\\/uploads\\\/2019\\\/06\\\/logo.png\",\"contentUrl\":\"https:\\\/\\\/www.fundacionlopezibor.es\\\/wp-content\\\/uploads\\\/2019\\\/06\\\/logo.png\",\"width\":5635,\"height\":1069,\"caption\":\"Fundaci\u00f3n Juan Jos\u00e9 L\u00f3pez-Ibor\"},\"image\":{\"@id\":\"https:\\\/\\\/www.fundacionlopezibor.es\\\/#\\\/schema\\\/logo\\\/image\\\/\"},\"sameAs\":[\"https:\\\/\\\/es.linkedin.com\\\/company\\\/fundacin-juan-jos-lpez-ibor\"]}]}<\/script>\n<!-- \/ Yoast SEO plugin. -->","yoast_head_json":{"title":"Board of Trustees - Fundacion Juan Jos\u00e9 L\u00f3pez-Ibor","robots":{"index":"index","follow":"follow","max-snippet":"max-snippet:-1","max-image-preview":"max-image-preview:large","max-video-preview":"max-video-preview:-1"},"canonical":"https:\/\/www.fundacionlopezibor.es\/en\/who-are-we\/board-of-trustees\/","og_locale":"en_US","og_type":"article","og_title":"Board of Trustees - Fundacion Juan Jos\u00e9 L\u00f3pez-Ibor","og_description":"[vc_row bg_type=&#8221;image&#8221; parallax_style=&#8221;vcpb-vz-jquery&#8221; bg_image_new=&#8221;id^1343|url^http:\/\/www.fundacionlopezibor.es\/wp-content\/uploads\/2019\/03\/people-3152585_1920-1.jpg|caption^null|alt^null|title^people-3152585_1920|description^null&#8221; bg_image_repeat=&#8221;no-repeat&#8221; bg_override=&#8221;ex-full&#8221; enable_overlay=&#8221;enable_overlay_value&#8221; overlay_color=&#8221;rgba(255,255,255,0.85)&#8221; overlay_pattern=&#8221;transperant&#8221; seperator_enable=&#8221;seperator_enable_value&#8221; seperator_type=&#8221;tilt_left_seperator&#8221; seperator_position=&#8221;bottom_seperator&#8221; css=&#8221;.vc_custom_1553849526911{margin-top: 0px !important;margin-bottom: 0px !important;border-bottom-width: 0px !important;padding-bottom: 0px !important;}&#8221;][vc_column css=&#8221;.vc_custom_1553774381467{margin-bottom: 0px !important;border-bottom-width: 0px !important;padding-bottom: 0px !important;}&#8221;][\/vc_column][\/vc_row][vc_row][vc_column][\/vc_column][\/vc_row][vc_row][vc_column css=&#8221;.vc_custom_1553691980818{margin-top: 25px !important;}&#8221;][vc_column_text] M\u00aa In\u00e9s L\u00f3pez-Ibor de Alcocer. Professor of Psychiatry, Legal Medicine, Psychiatry and Pathology of the Faculty of Medicine Complutense \u00a0University Madrid. Member of the&hellip;","og_url":"https:\/\/www.fundacionlopezibor.es\/en\/who-are-we\/board-of-trustees\/","og_site_name":"Fundacion Juan Jos\u00e9 L\u00f3pez-Ibor","article_modified_time":"2019-07-22T07:13:36+00:00","twitter_card":"summary_large_image","twitter_misc":{"Est. reading time":"3 minutes"},"schema":{"@context":"https:\/\/schema.org","@graph":[{"@type":"WebPage","@id":"https:\/\/www.fundacionlopezibor.es\/en\/who-are-we\/board-of-trustees\/","url":"https:\/\/www.fundacionlopezibor.es\/en\/who-are-we\/board-of-trustees\/","name":"Board of Trustees - Fundacion Juan Jos\u00e9 L\u00f3pez-Ibor","isPartOf":{"@id":"https:\/\/www.fundacionlopezibor.es\/#website"},"datePublished":"2019-07-18T10:20:42+00:00","dateModified":"2019-07-22T07:13:36+00:00","breadcrumb":{"@id":"https:\/\/www.fundacionlopezibor.es\/en\/who-are-we\/board-of-trustees\/#breadcrumb"},"inLanguage":"en-US","potentialAction":[{"@type":"ReadAction","target":["https:\/\/www.fundacionlopezibor.es\/en\/who-are-we\/board-of-trustees\/"]}]},{"@type":"BreadcrumbList","@id":"https:\/\/www.fundacionlopezibor.es\/en\/who-are-we\/board-of-trustees\/#breadcrumb","itemListElement":[{"@type":"ListItem","position":1,"name":"Portada","item":"https:\/\/www.fundacionlopezibor.es\/en\/"},{"@type":"ListItem","position":2,"name":"Who are we","item":"https:\/\/www.fundacionlopezibor.es\/en\/who-are-we\/"},{"@type":"ListItem","position":3,"name":"Board of Trustees"}]},{"@type":"WebSite","@id":"https:\/\/www.fundacionlopezibor.es\/#website","url":"https:\/\/www.fundacionlopezibor.es\/","name":"Fundacion Juan Jos\u00e9 L\u00f3pez-Ibor","description":"","publisher":{"@id":"https:\/\/www.fundacionlopezibor.es\/#organization"},"potentialAction":[{"@type":"SearchAction","target":{"@type":"EntryPoint","urlTemplate":"https:\/\/www.fundacionlopezibor.es\/?s={search_term_string}"},"query-input":{"@type":"PropertyValueSpecification","valueRequired":true,"valueName":"search_term_string"}}],"inLanguage":"en-US"},{"@type":"Organization","@id":"https:\/\/www.fundacionlopezibor.es\/#organization","name":"Fundaci\u00f3n Juan Jos\u00e9 L\u00f3pez-Ibor","url":"https:\/\/www.fundacionlopezibor.es\/","logo":{"@type":"ImageObject","inLanguage":"en-US","@id":"https:\/\/www.fundacionlopezibor.es\/#\/schema\/logo\/image\/","url":"https:\/\/www.fundacionlopezibor.es\/wp-content\/uploads\/2019\/06\/logo.png","contentUrl":"https:\/\/www.fundacionlopezibor.es\/wp-content\/uploads\/2019\/06\/logo.png","width":5635,"height":1069,"caption":"Fundaci\u00f3n Juan Jos\u00e9 L\u00f3pez-Ibor"},"image":{"@id":"https:\/\/www.fundacionlopezibor.es\/#\/schema\/logo\/image\/"},"sameAs":["https:\/\/es.linkedin.com\/company\/fundacin-juan-jos-lpez-ibor"]}]}},"_links":{"self":[{"href":"https:\/\/www.fundacionlopezibor.es\/en\/wp-json\/wp\/v2\/pages\/1865\/"}],"collection":[{"href":"https:\/\/www.fundacionlopezibor.es\/en\/wp-json\/wp\/v2\/pages\/"}],"about":[{"href":"https:\/\/www.fundacionlopezibor.es\/en\/wp-json\/wp\/v2\/types\/page\/"}],"author":[{"embeddable":true,"href":"https:\/\/www.fundacionlopezibor.es\/en\/wp-json\/wp\/v2\/users\/1\/"}],"replies":[{"embeddable":true,"href":"https:\/\/www.fundacionlopezibor.es\/en\/wp-json\/wp\/v2\/comments\/?post=1865"}],"version-history":[{"count":0,"href":"https:\/\/www.fundacionlopezibor.es\/en\/wp-json\/wp\/v2\/pages\/1865\/revisions\/"}],"up":[{"embeddable":true,"href":"https:\/\/www.fundacionlopezibor.es\/en\/wp-json\/wp\/v2\/pages\/1857\/"}],"wp:attachment":[{"href":"https:\/\/www.fundacionlopezibor.es\/en\/wp-json\/wp\/v2\/media\/?parent=1865"}],"curies":[{"name":"wp","href":"https:\/\/api.w.org\/{rel}","templated":true}]}}