{"id":2171,"date":"2022-07-29T08:48:15","date_gmt":"2022-07-29T08:48:15","guid":{"rendered":"https:\/\/www.fundacionlopezibor.es\/?page_id=2171"},"modified":"2022-07-29T08:49:54","modified_gmt":"2022-07-29T08:49:54","slug":"legal-warning","status":"publish","type":"page","link":"https:\/\/www.fundacionlopezibor.es\/en\/legal-warning\/","title":{"rendered":"Legal warning"},"content":{"rendered":"<p>[vc_row][vc_column][vc_column_text]<\/p>\n<h2><strong>Legal warning<\/strong><\/h2>\n<p>In compliance with the duty of information contained in article 10 of Law 34\/2002, of July 11, on Services of the Information Society and Electronic Commerce (LSSICE), the owner of the website, informs you of the following :<\/p>\n<p>Company name: Juan Jos\u00e9 L\u00f3pez Ibor Foundation<br \/>\nNIF: G83705921<br \/>\nAddress: C\/ Doctor Juan Jos\u00e9 L\u00f3pez Ibor, 2, 28035 &#8211; Madrid (Madrid)<\/p>\n<p>Within the limits established by law, Fundaci\u00f3n Juan Jos\u00e9 L\u00f3pez Ibor does not assume any responsibility derived from the lack of veracity, integrity, updating and accuracy of the data or information contained in its web pages.<\/p>\n<p>The contents and information do not bind Fundaci\u00f3n Juan Jos\u00e9 L\u00f3pez Ibor nor do they constitute opinions, advice or legal advice of any kind, as it is merely a service offered for informational and informative purposes.<\/p>\n<p>The Internet pages of Fundaci\u00f3n Juan Jos\u00e9 L\u00f3pez Ibor may contain links to other third-party pages that Fundaci\u00f3n Juan Jos\u00e9 L\u00f3pez Ibor cannot control. Therefore, Fundaci\u00f3n Juan Jos\u00e9 L\u00f3pez Ibor cannot assume responsibility for the content that may appear on third-party pages.<\/p>\n<p>The texts, images, sounds, animations, software and other content included in this website are the exclusive property of Fundaci\u00f3n Juan Jos\u00e9 L\u00f3pez Ibor or its licensors. Any act of transmission, distribution, assignment, reproduction, storage or total or partial public communication must have the express consent of Fundaci\u00f3n Juan Jos\u00e9 L\u00f3pez Ibor.<\/p>\n<p>Likewise, to access some of the services that Fundaci\u00f3n Juan Jos\u00e9 L\u00f3pez Ibor offers through the website, you must provide some personal data. In compliance with the provisions of Regulation (EU) 2016\/679 of the European Parliament and of the Council, of April 27, 2016, regarding the protection of natural persons with regard to the processing of personal data and the free movement of With these data we inform you that, by completing these forms, your personal data will be incorporated and will be processed in the files of Fundaci\u00f3n Juan Jos\u00e9 L\u00f3pez Ibor in order to be able to provide and offer our services as well as to inform you of improvements to the site. Web.<\/p>\n<p>We also inform you that you will have the possibility at any time to exercise your rights of access, rectification, cancellation, opposition, limitation and portability of your personal data, free of charge by email to: secretariat@fundacionlopezibor.es or at the address : C\/ Doctor Juan Jos\u00e9 L\u00f3pez Ibor, 2, 28035 &#8211; Madrid (Madrid).[\/vc_column_text][\/vc_column][\/vc_row]<\/p>\n","protected":false},"excerpt":{"rendered":"<p>[vc_row][vc_column][vc_column_text] Legal warning In compliance with the duty of information contained in article 10 of Law 34\/2002, of July 11, on Services of the Information Society and Electronic Commerce (LSSICE), the owner of the website, informs you of the following : Company name: Juan Jos\u00e9 L\u00f3pez Ibor Foundation NIF: G83705921 Address: C\/ Doctor Juan Jos\u00e9&hellip;<\/p>\n","protected":false},"author":1,"featured_media":0,"parent":0,"menu_order":0,"comment_status":"closed","ping_status":"closed","template":"","meta":{"footnotes":""},"class_list":["post-2171","page","type-page","status-publish","hentry","description-off"],"yoast_head":"<!-- This site is optimized with the Yoast SEO plugin v27.3 - https:\/\/yoast.com\/product\/yoast-seo-wordpress\/ -->\n<title>Legal warning - Fundacion Juan Jos\u00e9 L\u00f3pez-Ibor<\/title>\n<meta name=\"robots\" content=\"index, follow, max-snippet:-1, max-image-preview:large, max-video-preview:-1\" \/>\n<link rel=\"canonical\" href=\"https:\/\/www.fundacionlopezibor.es\/en\/legal-warning\/\" \/>\n<meta property=\"og:locale\" content=\"en_US\" \/>\n<meta property=\"og:type\" content=\"article\" \/>\n<meta property=\"og:title\" content=\"Legal warning - Fundacion Juan Jos\u00e9 L\u00f3pez-Ibor\" \/>\n<meta property=\"og:description\" content=\"[vc_row][vc_column][vc_column_text] Legal warning In compliance with the duty of information contained in article 10 of Law 34\/2002, of July 11, on Services of the Information Society and Electronic Commerce (LSSICE), the owner of the website, informs you of the following : Company name: Juan Jos\u00e9 L\u00f3pez Ibor Foundation NIF: G83705921 Address: C\/ Doctor Juan Jos\u00e9&hellip;\" \/>\n<meta property=\"og:url\" content=\"https:\/\/www.fundacionlopezibor.es\/en\/legal-warning\/\" \/>\n<meta property=\"og:site_name\" content=\"Fundacion Juan Jos\u00e9 L\u00f3pez-Ibor\" \/>\n<meta property=\"article:modified_time\" content=\"2022-07-29T08:49:54+00:00\" \/>\n<meta name=\"twitter:card\" content=\"summary_large_image\" \/>\n<meta name=\"twitter:label1\" content=\"Est. reading time\" \/>\n\t<meta name=\"twitter:data1\" content=\"4 minutes\" \/>\n<script type=\"application\/ld+json\" class=\"yoast-schema-graph\">{\"@context\":\"https:\\\/\\\/schema.org\",\"@graph\":[{\"@type\":\"WebPage\",\"@id\":\"https:\\\/\\\/www.fundacionlopezibor.es\\\/en\\\/legal-warning\\\/\",\"url\":\"https:\\\/\\\/www.fundacionlopezibor.es\\\/en\\\/legal-warning\\\/\",\"name\":\"Legal warning - Fundacion Juan Jos\u00e9 L\u00f3pez-Ibor\",\"isPartOf\":{\"@id\":\"https:\\\/\\\/www.fundacionlopezibor.es\\\/#website\"},\"datePublished\":\"2022-07-29T08:48:15+00:00\",\"dateModified\":\"2022-07-29T08:49:54+00:00\",\"breadcrumb\":{\"@id\":\"https:\\\/\\\/www.fundacionlopezibor.es\\\/en\\\/legal-warning\\\/#breadcrumb\"},\"inLanguage\":\"en-US\",\"potentialAction\":[{\"@type\":\"ReadAction\",\"target\":[\"https:\\\/\\\/www.fundacionlopezibor.es\\\/en\\\/legal-warning\\\/\"]}]},{\"@type\":\"BreadcrumbList\",\"@id\":\"https:\\\/\\\/www.fundacionlopezibor.es\\\/en\\\/legal-warning\\\/#breadcrumb\",\"itemListElement\":[{\"@type\":\"ListItem\",\"position\":1,\"name\":\"Portada\",\"item\":\"https:\\\/\\\/www.fundacionlopezibor.es\\\/en\\\/\"},{\"@type\":\"ListItem\",\"position\":2,\"name\":\"Legal warning\"}]},{\"@type\":\"WebSite\",\"@id\":\"https:\\\/\\\/www.fundacionlopezibor.es\\\/#website\",\"url\":\"https:\\\/\\\/www.fundacionlopezibor.es\\\/\",\"name\":\"Fundacion Juan Jos\u00e9 L\u00f3pez-Ibor\",\"description\":\"\",\"publisher\":{\"@id\":\"https:\\\/\\\/www.fundacionlopezibor.es\\\/#organization\"},\"potentialAction\":[{\"@type\":\"SearchAction\",\"target\":{\"@type\":\"EntryPoint\",\"urlTemplate\":\"https:\\\/\\\/www.fundacionlopezibor.es\\\/?s={search_term_string}\"},\"query-input\":{\"@type\":\"PropertyValueSpecification\",\"valueRequired\":true,\"valueName\":\"search_term_string\"}}],\"inLanguage\":\"en-US\"},{\"@type\":\"Organization\",\"@id\":\"https:\\\/\\\/www.fundacionlopezibor.es\\\/#organization\",\"name\":\"Fundaci\u00f3n Juan Jos\u00e9 L\u00f3pez-Ibor\",\"url\":\"https:\\\/\\\/www.fundacionlopezibor.es\\\/\",\"logo\":{\"@type\":\"ImageObject\",\"inLanguage\":\"en-US\",\"@id\":\"https:\\\/\\\/www.fundacionlopezibor.es\\\/#\\\/schema\\\/logo\\\/image\\\/\",\"url\":\"https:\\\/\\\/www.fundacionlopezibor.es\\\/wp-content\\\/uploads\\\/2019\\\/06\\\/logo.png\",\"contentUrl\":\"https:\\\/\\\/www.fundacionlopezibor.es\\\/wp-content\\\/uploads\\\/2019\\\/06\\\/logo.png\",\"width\":5635,\"height\":1069,\"caption\":\"Fundaci\u00f3n Juan Jos\u00e9 L\u00f3pez-Ibor\"},\"image\":{\"@id\":\"https:\\\/\\\/www.fundacionlopezibor.es\\\/#\\\/schema\\\/logo\\\/image\\\/\"},\"sameAs\":[\"https:\\\/\\\/es.linkedin.com\\\/company\\\/fundacin-juan-jos-lpez-ibor\"]}]}<\/script>\n<!-- \/ Yoast SEO plugin. -->","yoast_head_json":{"title":"Legal warning - Fundacion Juan Jos\u00e9 L\u00f3pez-Ibor","robots":{"index":"index","follow":"follow","max-snippet":"max-snippet:-1","max-image-preview":"max-image-preview:large","max-video-preview":"max-video-preview:-1"},"canonical":"https:\/\/www.fundacionlopezibor.es\/en\/legal-warning\/","og_locale":"en_US","og_type":"article","og_title":"Legal warning - Fundacion Juan Jos\u00e9 L\u00f3pez-Ibor","og_description":"[vc_row][vc_column][vc_column_text] Legal warning In compliance with the duty of information contained in article 10 of Law 34\/2002, of July 11, on Services of the Information Society and Electronic Commerce (LSSICE), the owner of the website, informs you of the following : Company name: Juan Jos\u00e9 L\u00f3pez Ibor Foundation NIF: G83705921 Address: C\/ Doctor Juan Jos\u00e9&hellip;","og_url":"https:\/\/www.fundacionlopezibor.es\/en\/legal-warning\/","og_site_name":"Fundacion Juan Jos\u00e9 L\u00f3pez-Ibor","article_modified_time":"2022-07-29T08:49:54+00:00","twitter_card":"summary_large_image","twitter_misc":{"Est. reading time":"4 minutes"},"schema":{"@context":"https:\/\/schema.org","@graph":[{"@type":"WebPage","@id":"https:\/\/www.fundacionlopezibor.es\/en\/legal-warning\/","url":"https:\/\/www.fundacionlopezibor.es\/en\/legal-warning\/","name":"Legal warning - Fundacion Juan Jos\u00e9 L\u00f3pez-Ibor","isPartOf":{"@id":"https:\/\/www.fundacionlopezibor.es\/#website"},"datePublished":"2022-07-29T08:48:15+00:00","dateModified":"2022-07-29T08:49:54+00:00","breadcrumb":{"@id":"https:\/\/www.fundacionlopezibor.es\/en\/legal-warning\/#breadcrumb"},"inLanguage":"en-US","potentialAction":[{"@type":"ReadAction","target":["https:\/\/www.fundacionlopezibor.es\/en\/legal-warning\/"]}]},{"@type":"BreadcrumbList","@id":"https:\/\/www.fundacionlopezibor.es\/en\/legal-warning\/#breadcrumb","itemListElement":[{"@type":"ListItem","position":1,"name":"Portada","item":"https:\/\/www.fundacionlopezibor.es\/en\/"},{"@type":"ListItem","position":2,"name":"Legal warning"}]},{"@type":"WebSite","@id":"https:\/\/www.fundacionlopezibor.es\/#website","url":"https:\/\/www.fundacionlopezibor.es\/","name":"Fundacion Juan Jos\u00e9 L\u00f3pez-Ibor","description":"","publisher":{"@id":"https:\/\/www.fundacionlopezibor.es\/#organization"},"potentialAction":[{"@type":"SearchAction","target":{"@type":"EntryPoint","urlTemplate":"https:\/\/www.fundacionlopezibor.es\/?s={search_term_string}"},"query-input":{"@type":"PropertyValueSpecification","valueRequired":true,"valueName":"search_term_string"}}],"inLanguage":"en-US"},{"@type":"Organization","@id":"https:\/\/www.fundacionlopezibor.es\/#organization","name":"Fundaci\u00f3n Juan Jos\u00e9 L\u00f3pez-Ibor","url":"https:\/\/www.fundacionlopezibor.es\/","logo":{"@type":"ImageObject","inLanguage":"en-US","@id":"https:\/\/www.fundacionlopezibor.es\/#\/schema\/logo\/image\/","url":"https:\/\/www.fundacionlopezibor.es\/wp-content\/uploads\/2019\/06\/logo.png","contentUrl":"https:\/\/www.fundacionlopezibor.es\/wp-content\/uploads\/2019\/06\/logo.png","width":5635,"height":1069,"caption":"Fundaci\u00f3n Juan Jos\u00e9 L\u00f3pez-Ibor"},"image":{"@id":"https:\/\/www.fundacionlopezibor.es\/#\/schema\/logo\/image\/"},"sameAs":["https:\/\/es.linkedin.com\/company\/fundacin-juan-jos-lpez-ibor"]}]}},"_links":{"self":[{"href":"https:\/\/www.fundacionlopezibor.es\/en\/wp-json\/wp\/v2\/pages\/2171\/"}],"collection":[{"href":"https:\/\/www.fundacionlopezibor.es\/en\/wp-json\/wp\/v2\/pages\/"}],"about":[{"href":"https:\/\/www.fundacionlopezibor.es\/en\/wp-json\/wp\/v2\/types\/page\/"}],"author":[{"embeddable":true,"href":"https:\/\/www.fundacionlopezibor.es\/en\/wp-json\/wp\/v2\/users\/1\/"}],"replies":[{"embeddable":true,"href":"https:\/\/www.fundacionlopezibor.es\/en\/wp-json\/wp\/v2\/comments\/?post=2171"}],"version-history":[{"count":0,"href":"https:\/\/www.fundacionlopezibor.es\/en\/wp-json\/wp\/v2\/pages\/2171\/revisions\/"}],"wp:attachment":[{"href":"https:\/\/www.fundacionlopezibor.es\/en\/wp-json\/wp\/v2\/media\/?parent=2171"}],"curies":[{"name":"wp","href":"https:\/\/api.w.org\/{rel}","templated":true}]}}